{"id":93,"date":"2024-08-03T21:43:13","date_gmt":"2024-08-03T21:43:13","guid":{"rendered":"https:\/\/newlandintl.com\/fa\/?page_id=93"},"modified":"2025-08-03T13:29:38","modified_gmt":"2025-08-03T13:29:38","slug":"about-fa-strategy-consultancy","status":"publish","type":"page","link":"https:\/\/fastratconsultancy.com\/fr\/about-fa-strategy-consultancy\/","title":{"rendered":"\u00c0 propos de FA Strategy Consultancy"},"content":{"rendered":"<div class=\"slider-wrapper relative\" id=\"slider-1241013105\" >\n    <div class=\"slider slider-nav-circle slider-nav-large slider-nav-light slider-style-normal\"\n        data-flickity-options='{            \"cellAlign\": \"center\",            \"imagesLoaded\": true,            \"lazyLoad\": 1,            \"freeScroll\": false,            \"wrapAround\": true,            \"autoPlay\": 6000,            \"pauseAutoPlayOnHover\" : true,            \"prevNextButtons\": true,            \"contain\" : true,            \"adaptiveHeight\" : true,            \"dragThreshold\" : 10,            \"percentPosition\": true,            \"pageDots\": true,            \"rightToLeft\": false,            \"draggable\": true,            \"selectedAttraction\": 0.1,            \"parallax\" : 0,            \"friction\": 0.6        }'\n        >\n        \n\n\n  <div class=\"banner has-hover has-parallax\" id=\"banner-1195077834\">\n          <div class=\"banner-inner fill\">\n        <div class=\"banner-bg fill\" data-parallax=\"-2\" data-parallax-container=\".banner\" data-parallax-background>\n            <img loading=\"lazy\" decoding=\"async\" width=\"1920\" height=\"1282\" src=\"https:\/\/fastratconsultancy.com\/wp-content\/uploads\/2024\/08\/ad.jpeg\" class=\"bg attachment-original size-original\" alt=\"\" \/>                        <div class=\"overlay\"><\/div>            \n                    <\/div>\n\t\t\n        <div class=\"banner-layers container\">\n            <div class=\"fill banner-link\"><\/div>            \n\n   <div id=\"text-box-1860064731\" class=\"text-box banner-layer x50 md-x5 lg-x0 y90 md-y90 lg-y90 res-text\">\n                     <div data-animate=\"fadeInDown\">           <div class=\"text-box-content text dark\">\n              \n              <div class=\"text-inner text-left\">\n                  \n\n<h6>Conseil en strat\u00e9gie FA<\/h6>\n<h1><strong>\u00c0 propos de nous<\/strong><\/h1>\n\n              <\/div>\n           <\/div>\n       <\/div>                     \n<style>\n#text-box-1860064731 {\n  width: 83%;\n}\n#text-box-1860064731 .text-box-content {\n  font-size: 100%;\n}\n@media (min-width:550px) {\n  #text-box-1860064731 {\n    width: 69%;\n  }\n}\n@media (min-width:850px) {\n  #text-box-1860064731 {\n    width: 50%;\n  }\n}\n<\/style>\n    <\/div>\n \n\n        <\/div>\n      <\/div>\n\n            \n<style>\n#banner-1195077834 {\n  padding-top: 300px;\n}\n#banner-1195077834 .overlay {\n  background-color: rgba(0, 0, 0, 0.465);\n}\n#banner-1195077834 .banner-bg img {\n  object-position: 55% 93%;\n}\n<\/style>\n  <\/div>\n\n\n\n     <\/div>\n\n     <div class=\"loading-spin dark large centered\"><\/div>\n\n\t<\/div>\n\n\n\n\t<section class=\"section\" id=\"section_1401387532\">\n\t\t<div class=\"section-bg fill\" >\n\t\t\t\t\t\t\t\t\t\n\t\t\t\n\n\t\t<\/div>\n\n\t\t\n\n\t\t<div class=\"section-content relative\">\n\t\t\t\n\n<div class=\"row align-center\"  id=\"row-1973809691\">\n\n\n\t<div id=\"col-1349615585\" class=\"col small-12 large-12\"  >\n\t\t\t\t<div class=\"col-inner dark\"  >\n\t\t\t\n\t\t\t\n\n\t<div id=\"gap-1579594221\" class=\"gap-element clearfix\" style=\"display:block; height:auto;\">\n\t\t\n<style>\n#gap-1579594221 {\n  padding-top: 30px;\n}\n<\/style>\n\t<\/div>\n\t\n\n<h2>Qui sommes-nous<\/h2>\n<p>FA Strategy Consultancy\u00a0: votre partenaire de confiance pour votre expansion internationale. Nous lib\u00e9rons le potentiel de croissance des entreprises ambitieuses qui cherchent \u00e0 p\u00e9n\u00e9trer des march\u00e9s prestigieux. Notre r\u00e9ussite repose sur une connaissance approfondie des environnements locaux et un solide r\u00e9seau de partenaires.<\/p>\n<p>Nous guidons nos clients \u00e0 travers les subtilit\u00e9s de l\u2019expansion internationale, les aidant \u00e0 surmonter les d\u00e9fis et \u00e0 atteindre leurs objectifs de croissance \u00e0 long terme.<\/p>\n<p>Notre si\u00e8ge social \u00e0 Abou Dhabi, v\u00e9ritable p\u00f4le d&#039;innovation mondial, est le lieu o\u00f9 nous collaborons avec nos clients pour \u00e9laborer des strat\u00e9gies innovantes. Nous utilisons des outils de gestion de projet partag\u00e9s et un retour d&#039;information r\u00e9gulier, garantissant une transparence totale tout au long du d\u00e9roulement de votre projet.<br \/>Notre \u00e9quipe est compos\u00e9e de consultants exp\u00e9riment\u00e9s et passionn\u00e9s, chacun poss\u00e9dant une expertise approfondie dans son domaine. Leur engagement ind\u00e9fectible envers l&#039;excellence et leur d\u00e9vouement \u00e0 votre r\u00e9ussite sont le moteur de toutes nos actions. Ces personnes talentueuses partagent une expertise approfondie et une passion commune pour vous aider \u00e0 atteindre vos objectifs.<\/p>\n<p>Chez FA Strategy Consultancy, nous gardons une longueur d&#039;avance gr\u00e2ce \u00e0 une veille active sur les salons et \u00e9v\u00e9nements cl\u00e9s dans divers secteurs. Cette approche proactive nous permet non seulement de repr\u00e9senter vos int\u00e9r\u00eats de mani\u00e8re dynamique, mais aussi de d\u00e9couvrir de nouvelles perspectives et de vous offrir un avantage concurrentiel d\u00e9cisif.<\/p>\n\n\t\t<\/div>\n\t\t\t\t\t<\/div>\n\n\t\n\n\t<div id=\"col-1370884893\" class=\"col small-12 large-12\"  >\n\t\t\t\t<div class=\"col-inner dark\"  >\n\t\t\t\n\t\t\t\n\n<div class=\"row\"  id=\"row-206065272\">\n\n\n\t<div id=\"col-598761256\" class=\"col medium-6 small-12 large-6\"  >\n\t\t\t\t<div class=\"col-inner\"  >\n\t\t\t\n\t\t\t\n\n\n  <div class=\"banner has-hover\" id=\"banner-418787694\">\n          <div class=\"banner-inner fill\">\n        <div class=\"banner-bg fill\" >\n            <img loading=\"lazy\" decoding=\"async\" width=\"1020\" height=\"638\" src=\"https:\/\/fastratconsultancy.com\/wp-content\/uploads\/2024\/08\/mission-1024x640.jpeg\" class=\"bg attachment-large size-large\" alt=\"\" \/>                        <div class=\"overlay\"><\/div>            \n                    <\/div>\n\t\t\n        <div class=\"banner-layers container\">\n            <div class=\"fill banner-link\"><\/div>            \n\n   <div id=\"text-box-688081479\" class=\"text-box banner-layer x50 md-x50 lg-x50 y85 md-y85 lg-y85 res-text\">\n                                <div class=\"text-box-content text dark\">\n              \n              <div class=\"text-inner text-center\">\n                  \n\n<h3 class=\"uppercase\"><strong>notre vision<\/strong><\/h3>\n\n              <\/div>\n           <\/div>\n                            \n<style>\n#text-box-688081479 {\n  width: 60%;\n}\n#text-box-688081479 .text-box-content {\n  font-size: 100%;\n}\n<\/style>\n    <\/div>\n \n\n        <\/div>\n      <\/div>\n\n            \n<style>\n#banner-418787694 {\n  padding-top: 300px;\n  background-color: #b88d22;\n}\n#banner-418787694 .overlay {\n  background-color: rgba(0,0,0,.5);\n}\n<\/style>\n  <\/div>\n\n\n\n\t\t<\/div>\n\t\t\t\t\t<\/div>\n\n\t\n\n\t<div id=\"col-859889453\" class=\"col medium-6 small-12 large-6\"  >\n\t\t\t\t<div class=\"col-inner\"  >\n\t\t\t\n\t\t\t\n\n<p>Chez FA Strategy Consultancy, nous envisageons un avenir o\u00f9 nous deviendrons le partenaire strat\u00e9gique de croissance incontournable des entreprises ambitieuses. Nous croyons au pouvoir d&#039;une approche sur mesure, exploitant une expertise de pointe et une innovation continue pour propulser votre entreprise vers l&#039;avant.<\/p>\n<p>Nous ne nous contentons pas de relever les d\u00e9fis\u00a0; nous les transformons en tremplins. Notre engagement envers l&#039;excellence nous permet d&#039;obtenir des r\u00e9sultats qui d\u00e9passent vos attentes et propulsent votre entreprise vers des sommets sans pr\u00e9c\u00e9dent.<\/p>\n\n\t\t<\/div>\n\t\t\t\t\t<\/div>\n\n\t\n\n<\/div>\n<div class=\"row\"  id=\"row-727314164\">\n\n\n\t<div id=\"col-299131788\" class=\"col small-12 large-12\"  >\n\t\t\t\t<div class=\"col-inner\"  >\n\t\t\t\n\t\t\t\n\n\n  <div class=\"banner has-hover\" id=\"banner-719154644\">\n          <div class=\"banner-inner fill\">\n        <div class=\"banner-bg fill\" >\n            <img loading=\"lazy\" decoding=\"async\" width=\"1020\" height=\"680\" src=\"https:\/\/fastratconsultancy.com\/wp-content\/uploads\/2024\/08\/vision-1024x683.jpeg\" class=\"bg attachment-large size-large\" alt=\"\" \/>                        <div class=\"overlay\"><\/div>            \n                    <\/div>\n\t\t\n        <div class=\"banner-layers container\">\n            <div class=\"fill banner-link\"><\/div>            \n\n   <div id=\"text-box-1970323711\" class=\"text-box banner-layer x10 md-x10 lg-x10 y85 md-y85 lg-y85 res-text\">\n                                <div class=\"text-box-content text dark\">\n              \n              <div class=\"text-inner text-center\">\n                  \n\n\t<div id=\"text-2295025648\" class=\"text\">\n\t\t\n\n<h3 class=\"uppercase\"><strong>nos valeurs fondamentales<\/strong><\/h3>\n\t\t\n<style>\n#text-2295025648 {\n  text-align: left;\n}\n<\/style>\n\t<\/div>\n\t\n\n              <\/div>\n           <\/div>\n                            \n<style>\n#text-box-1970323711 {\n  width: 60%;\n}\n#text-box-1970323711 .text-box-content {\n  font-size: 100%;\n}\n<\/style>\n    <\/div>\n \n\n        <\/div>\n      <\/div>\n\n            \n<style>\n#banner-719154644 {\n  padding-top: 250px;\n  background-color: #b88d22;\n}\n#banner-719154644 .overlay {\n  background-color: rgba(0,0,0,.5);\n}\n#banner-719154644 .banner-bg img {\n  object-position: 63% 20%;\n}\n<\/style>\n  <\/div>\n\n\n\n\t\t<\/div>\n\t\t\t\t\t<\/div>\n\n\t\n\n\t<div id=\"col-1401466484\" class=\"col small-12 large-12\"  >\n\t\t\t\t<div class=\"col-inner\"  >\n\t\t\t\n\t\t\t\n\n<p>Chez FA Strategy Consultancy, nos actions sont guid\u00e9es par un ensemble de valeurs :<\/p>\n<ul>\n<li class=\"bullet-cross bullet-arrow\">Int\u00e9grit\u00e9 sans compromis\u00a0: Nous agissons selon les normes \u00e9thiques les plus strictes, privil\u00e9giant la transparence et l&#039;honn\u00eatet\u00e9 \u00e0 chaque \u00e9tape de notre d\u00e9marche. L&#039;\u00e9quit\u00e9 et une responsabilit\u00e9 sociale forte sont au c\u0153ur de nos d\u00e9cisions, garantissant que chaque recommandation est conforme aux principes moraux et \u00e0 la loi.<\/li>\n<li class=\"bullet-cross bullet-arrow\">Expertise pointue\u00a0: Nous pensons que la sp\u00e9cialisation est essentielle. Notre \u00e9quipe poss\u00e8de une connaissance approfondie de domaines sp\u00e9cifiques, ce qui nous permet de vous offrir des conseils pr\u00e9cis et personnalis\u00e9s pour relever vos d\u00e9fis les plus complexes.<\/li>\n<li class=\"bullet-cross bullet-arrow\">L&#039;innovation comme moteur\u00a0: Nous cultivons une culture d&#039;innovation continue, anim\u00e9e par la volont\u00e9 de vous proposer des solutions innovantes et disruptives. Anticiper les tendances et faire preuve de cr\u00e9ativit\u00e9 vous permet de rester \u00e0 la pointe de votre secteur.<br \/>Objectivit\u00e9 absolue\u00a0: Nous maintenons une ind\u00e9pendance totale et sommes exempts de tout conflit d\u2019int\u00e9r\u00eats. Cela garantit une objectivit\u00e9 totale dans nos recommandations, nous permettant de nous concentrer uniquement sur votre r\u00e9ussite.<\/li>\n<li class=\"bullet-cross bullet-arrow\">L&#039;esprit d&#039;entreprise en nous : Nous n&#039;avons pas peur de prendre des risques calcul\u00e9s et d&#039;adopter une approche proactive pour atteindre vos objectifs. Notre esprit d&#039;entreprise nous permet de nous adapter rapidement et de faire face aux fluctuations du march\u00e9.<br \/>Agile et r\u00e9actif\u00a0: Nous comprenons que votre environnement est en constante \u00e9volution. Nous faisons preuve de flexibilit\u00e9 pour ajuster nos strat\u00e9gies et r\u00e9pondre efficacement \u00e0 tous vos d\u00e9fis.<\/li>\n<\/ul>\n\n\t\t<\/div>\n\t\t\t\t\t<\/div>\n\n\t\n\n<\/div>\n<div class=\"row\"  id=\"row-1780813477\">\n\n\n\t<div id=\"col-583851288\" class=\"col small-12 large-12\"  >\n\t\t\t\t<div class=\"col-inner\"  >\n\t\t\t\n\t\t\t\n\n\n  <div class=\"banner has-hover\" id=\"banner-539897190\">\n          <div class=\"banner-inner fill\">\n        <div class=\"banner-bg fill\" >\n                                                \n                    <\/div>\n\t\t\n        <div class=\"banner-layers container\">\n            <div class=\"fill banner-link\"><\/div>            \n\n   <div id=\"text-box-371559837\" class=\"text-box banner-layer x50 md-x50 lg-x50 y50 md-y50 lg-y50 res-text\">\n                                <div class=\"text-box-content text dark\">\n              \n              <div class=\"text-inner text-center\">\n                  \n\n\t<div id=\"text-2236973862\" class=\"text\">\n\t\t\n\n<p><strong>En bref, nous sommes fiers de notre engagement envers l\u2019excellence et de notre d\u00e9vouement au succ\u00e8s de nos clients.<\/strong><\/p>\n\t\t\n<style>\n#text-2236973862 {\n  font-size: 1.25rem;\n  line-height: 1.05;\n}\n@media (min-width:550px) {\n  #text-2236973862 {\n    font-size: 1.7rem;\n  }\n}\n<\/style>\n\t<\/div>\n\t\n\n              <\/div>\n           <\/div>\n                            \n<style>\n#text-box-371559837 {\n  width: 95%;\n}\n#text-box-371559837 .text-box-content {\n  font-size: 100%;\n}\n@media (min-width:850px) {\n  #text-box-371559837 {\n    width: 78%;\n  }\n}\n<\/style>\n    <\/div>\n \n\n        <\/div>\n      <\/div>\n\n            \n<style>\n#banner-539897190 {\n  padding-top: 200px;\n  background-color: #b88d22;\n}\n@media (min-width:550px) {\n  #banner-539897190 {\n    padding-top: 200px;\n  }\n}\n<\/style>\n  <\/div>\n\n\n\n\t\t<\/div>\n\t\t\t\t\t<\/div>\n\n\t\n\n<\/div>\n\n\t\t<\/div>\n\t\t\t\t\t<\/div>\n\n\t\n\n<\/div>\n\n\t\t<\/div>\n\n\t\t\n<style>\n#section_1401387532 {\n  padding-top: 30px;\n  padding-bottom: 30px;\n  background-color: rgb(0,0,0);\n}\n<\/style>\n\t<\/section>\n\t\n<div class=\"row row-collapse row-full-width\"  id=\"row-1630175956\">\n\n\n\t<div id=\"col-946511265\" class=\"col small-12 large-12\"  >\n\t\t\t\t<div class=\"col-inner dark\" style=\"background-color:rgb(184, 141, 34);\" >\n\t\t\t\n\t\t\t\n\n<div class=\"row row-small row-full-width\"  id=\"row-659689412\">\n\n\n\t<div id=\"col-470609763\" class=\"col small-12 large-12\"  >\n\t\t\t\t<div class=\"col-inner\"  >\n\t\t\t\n\t\t\t\n\n\n  <div class=\"banner has-hover\" id=\"banner-570406784\">\n          <div class=\"banner-inner fill\">\n        <div class=\"banner-bg fill\" >\n            <img loading=\"lazy\" decoding=\"async\" width=\"1020\" height=\"1020\" src=\"https:\/\/fastratconsultancy.com\/wp-content\/uploads\/2024\/08\/startup-1024x1024.jpeg\" class=\"bg attachment-large size-large\" alt=\"\" \/>                        <div class=\"overlay\"><\/div>            \n                    <\/div>\n\t\t\n        <div class=\"banner-layers container\">\n            <a class=\"fill\" href=\"https:\/\/fastratconsultancy.com\/fr\/our-expertise-new\/\" ><div class=\"fill banner-link\"><\/div><\/a>            \n\n   <div id=\"text-box-1402781553\" class=\"text-box banner-layer x10 md-x10 lg-x10 y50 md-y50 lg-y50 res-text\">\n                                <div class=\"text-box-content text dark\">\n              \n              <div class=\"text-inner text-left\">\n                  \n\n\t<div id=\"text-1433959107\" class=\"text\">\n\t\t\n\n<h3 class=\"uppercase\"><strong>NOTRE EXPERTISE<\/strong><\/h3>\n<p>FA Strategy Consultancy n&#039;est pas un simple cabinet de conseil. Nous sommes les champions de votre croissance et proposons une large gamme de services de conseil strat\u00e9gique couvrant les domaines suivants\u00a0:<\/p>\n\t\t\n<style>\n#text-1433959107 {\n  font-size: 0.8rem;\n}\n<\/style>\n\t<\/div>\n\t\n<a href=\"https:\/\/fastratconsultancy.com\/fr\/our-expertise-new\/\" class=\"button secondary is-larger\"  >\n\t\t<span>explorer<\/span>\n\t<i class=\"icon-angle-right\" aria-hidden=\"true\" ><\/i><\/a>\n\n\n\n              <\/div>\n           <\/div>\n                            \n<style>\n#text-box-1402781553 {\n  width: 80%;\n}\n#text-box-1402781553 .text-box-content {\n  font-size: 100%;\n}\n<\/style>\n    <\/div>\n \n\n        <\/div>\n      <\/div>\n\n            \n<style>\n#banner-570406784 {\n  padding-top: 300px;\n}\n#banner-570406784 .overlay {\n  background-color: rgba(0,0,0,.5);\n}\n#banner-570406784 .banner-bg img {\n  object-position: 54% 44%;\n}\n@media (min-width:550px) {\n  #banner-570406784 {\n    padding-top: 250px;\n  }\n}\n<\/style>\n  <\/div>\n\n\n\n\t\t<\/div>\n\t\t\t\t\t<\/div>\n\n\t\n\n<\/div>\n\n\t\t<\/div>\n\t\t\t\t\n<style>\n#col-946511265 > .col-inner {\n  padding: 50px 30px 30px 30px;\n}\n<\/style>\n\t<\/div>\n\n\t\n\n<\/div>","protected":false},"excerpt":{"rendered":"","protected":false},"author":2,"featured_media":0,"parent":0,"menu_order":0,"comment_status":"closed","ping_status":"closed","template":"page-transparent-header-light.php","meta":{"footnotes":""},"class_list":["post-93","page","type-page","status-publish","hentry"],"_links":{"self":[{"href":"https:\/\/fastratconsultancy.com\/fr\/wp-json\/wp\/v2\/pages\/93","targetHints":{"allow":["GET"]}}],"collection":[{"href":"https:\/\/fastratconsultancy.com\/fr\/wp-json\/wp\/v2\/pages"}],"about":[{"href":"https:\/\/fastratconsultancy.com\/fr\/wp-json\/wp\/v2\/types\/page"}],"author":[{"embeddable":true,"href":"https:\/\/fastratconsultancy.com\/fr\/wp-json\/wp\/v2\/users\/2"}],"replies":[{"embeddable":true,"href":"https:\/\/fastratconsultancy.com\/fr\/wp-json\/wp\/v2\/comments?post=93"}],"version-history":[{"count":0,"href":"https:\/\/fastratconsultancy.com\/fr\/wp-json\/wp\/v2\/pages\/93\/revisions"}],"wp:attachment":[{"href":"https:\/\/fastratconsultancy.com\/fr\/wp-json\/wp\/v2\/media?parent=93"}],"curies":[{"name":"wp","href":"https:\/\/api.w.org\/{rel}","templated":true}]}}