{"id":2,"date":"2024-07-06T23:28:19","date_gmt":"2024-07-06T23:28:19","guid":{"rendered":"https:\/\/newlandintl.com\/fa\/?page_id=2"},"modified":"2025-08-01T01:15:54","modified_gmt":"2025-08-01T01:15:54","slug":"home","status":"publish","type":"page","link":"https:\/\/fastratconsultancy.com\/fr\/","title":{"rendered":"FA Strategy Consultancy FR"},"content":{"rendered":"<div class=\"slider-wrapper relative\" id=\"slider-816600912\" >\n    <div class=\"slider slider-nav-circle slider-nav-large slider-nav-light slider-style-normal\"\n        data-flickity-options='{            \"cellAlign\": \"center\",            \"imagesLoaded\": true,            \"lazyLoad\": 1,            \"freeScroll\": false,            \"wrapAround\": true,            \"autoPlay\": 6000,            \"pauseAutoPlayOnHover\" : true,            \"prevNextButtons\": true,            \"contain\" : true,            \"adaptiveHeight\" : true,            \"dragThreshold\" : 10,            \"percentPosition\": true,            \"pageDots\": true,            \"rightToLeft\": false,            \"draggable\": true,            \"selectedAttraction\": 0.1,            \"parallax\" : 0,            \"friction\": 0.6        }'\n        >\n        \n\n\n  <div class=\"banner has-hover has-video has-parallax\" id=\"banner-1021414983\">\n          <div class=\"banner-inner fill\">\n        <div class=\"banner-bg fill\" data-parallax=\"-5\" data-parallax-container=\".banner\" data-parallax-background>\n            <img loading=\"lazy\" decoding=\"async\" width=\"1920\" height=\"1282\" src=\"https:\/\/fastratconsultancy.com\/wp-content\/uploads\/2024\/08\/ad.jpeg\" class=\"bg attachment-original size-original\" alt=\"\" \/>            \t<div class=\"video-overlay no-click fill visible\"><\/div>\n\t<video class=\"video-bg fill visible\" preload playsinline autoplay muted loop>\n\t\t<source src=\"https:\/\/fastratconsultancy.com\/wp-content\/uploads\/2024\/09\/FA-Strategy-Consultancy.mp4\" type=\"video\/mp4\"><source src=\"https:\/\/fastratconsultancy.com\/wp-content\/uploads\/2024\/09\/FA-Strategy-Consultancy.webm\" type=\"video\/webm\">\t<\/video>\n            <div class=\"overlay\"><\/div>            \n                    <\/div>\n\t\t\n        <div class=\"banner-layers container\">\n            <div class=\"fill banner-link\"><\/div>            \n\n   <div id=\"text-box-2120183258\" class=\"text-box banner-layer x50 md-x5 lg-x5 y90 md-y50 lg-y50 res-text\">\n                     <div data-animate=\"fadeInDown\">           <div class=\"text-box-content text dark\">\n              \n              <div class=\"text-inner text-left\">\n                  \n\n<h6>Conseil en strat\u00e9gie FA<\/h6>\n<h3><strong>Votre partenaire de confiance pour votre expansion mondiale<\/strong><\/h3>\n<p>Nous lib\u00e9rons le potentiel de croissance des entreprises ambitieuses qui cherchent \u00e0 p\u00e9n\u00e9trer des march\u00e9s prestigieux.<\/p>\n<a href=\"https:\/\/fastratconsultancy.com\/fr\/about-fa-strategy-consultancy\/\" class=\"button white is-outline\"  >\n\t\t<span>En savoir plus<\/span>\n\t<\/a>\n\n\n<a href=\"https:\/\/fastratconsultancy.com\/fr\/contact-us\/\" class=\"button secondary is-gradient\"  >\n\t\t<span>renseignez-vous maintenant<\/span>\n\t<i class=\"icon-angle-right\" aria-hidden=\"true\" ><\/i><\/a>\n\n\n\n              <\/div>\n           <\/div>\n       <\/div>                     \n<style>\n#text-box-2120183258 .text-inner {\n  padding: 30px 30px 30px 30px;\n}\n#text-box-2120183258 {\n  width: 100%;\n}\n#text-box-2120183258 .text-box-content {\n  font-size: 120%;\n}\n@media (min-width:550px) {\n  #text-box-2120183258 {\n    width: 69%;\n  }\n}\n@media (min-width:850px) {\n  #text-box-2120183258 {\n    width: 50%;\n  }\n}\n<\/style>\n    <\/div>\n \n\n        <\/div>\n      <\/div>\n\n            \n<style>\n#banner-1021414983 {\n  padding-top: 637px;\n}\n#banner-1021414983 .overlay {\n  background-color: rgba(0, 0, 0, 0.465);\n}\n#banner-1021414983 .banner-bg img {\n  object-position: 62% 60%;\n}\n<\/style>\n  <\/div>\n\n\n\n     <\/div>\n\n     <div class=\"loading-spin dark large centered\"><\/div>\n\n\t<\/div>\n\n\n\n\t<section class=\"section\" id=\"section_1000211593\">\n\t\t<div class=\"section-bg fill\" >\n\t\t\t\t\t\t\t\t\t\n\t\t\t\n\n\t\t<\/div>\n\n\t\t\n\n\t\t<div class=\"section-content relative\">\n\t\t\t\n\n<div class=\"row\"  id=\"row-971291000\">\n\n\n\t<div id=\"col-312885868\" class=\"col small-12 large-12\"  >\n\t\t\t\t<div class=\"col-inner\"  >\n\t\t\t\n\t\t\t\n\n\n\n<div style=\"text-align:center;\">\n  <div style=\"font-size: 40px; font-weight: bold; color: rgb(254, 145, 77);\">\n    Actifs sous <br> Gestion\n  <\/div>\n  <div id=\"money-counter\" style=\"margin-top: 10px; font-size: 45px; font-weight: bold; color: white;\">\n    $0\n  <\/div>\n<\/div>\n\n<script>\nlet counter = document.getElementById(\"money-counter\");\nlet current = 0;\nlet target = 213537000; \/\/ \u00a350 million\nlet speed = 200; \/\/ Adjust this for animation speed\n\nfunction formatMoney(number) {\n  return '$' + number.toLocaleString();\n}\n\nfunction updateCounter() {\n  let increment = Math.ceil(target \/ speed);\n  current += increment;\n  if (current >= target) {\n    counter.textContent = formatMoney(target);\n  } else {\n    counter.textContent = formatMoney(current);\n    setTimeout(updateCounter, 20);\n  }\n}\n\nupdateCounter();\n<\/script>\n\n\n\t\t<\/div>\n\t\t\t\t\t<\/div>\n\n\t\n\n<\/div>\n<div class=\"row row-small align-center row-divided\"  id=\"row-1106429337\">\n\n\n\t<div id=\"col-972152927\" class=\"col medium-4 small-12 large-4\"  >\n\t\t\t\t<div class=\"col-inner text-center dark\"  >\n\t\t\t\n\t\t\t\n\n\n\t\t<div class=\"icon-box featured-box icon-box-center text-center\"  style=\"margin:0px 0px 0px 0px;\">\n\t\t\t\t\t<div class=\"icon-box-img has-icon-bg\" style=\"width: 60px\">\n\t\t\t\t<div class=\"icon\">\n\t\t\t\t\t<div class=\"icon-inner\" style=\"border-width:2px;\">\n\t\t\t\t\t\t\t\t\t\t\t<\/div>\n\t\t\t\t<\/div>\n\t\t\t<\/div>\n\t\t\t\t<div class=\"icon-box-text last-reset\">\n\t\t\t<h5 class=\"uppercase\">Notre vision<\/h5>\t\t\t\t\t\t\n\n<p>Chez FA Strategy Consultancy, nous envisageons un avenir dans lequel nous sommes le partenaire de croissance strat\u00e9gique in\u00e9gal\u00e9 pour les entreprises ambitieuses.<\/p>\n\n\t\t<\/div>\n\t<\/div>\n\t\n\t\n\t<div id=\"gap-971869367\" class=\"gap-element clearfix\" style=\"display:block; height:auto;\">\n\t\t\n<style>\n#gap-971869367 {\n  padding-top: 30px;\n}\n<\/style>\n\t<\/div>\n\t\n\n<a href=\"https:\/\/fastratconsultancy.com\/fr\/about-fa-strategy-consultancy\/\" class=\"button secondary is-outline is-smaller\"  style=\"border-radius:99px;\">\n\t\t<span>En savoir plus<\/span>\n\t<\/a>\n\n\n\n\t\t<\/div>\n\t\t\t\t\t<\/div>\n\n\t\n\n\t<div id=\"col-537317361\" class=\"col medium-4 small-12 large-4\"  >\n\t\t\t\t<div class=\"col-inner text-center dark\"  >\n\t\t\t\n\t\t\t\n\n\n\t\t<div class=\"icon-box featured-box icon-box-center text-center\"  style=\"margin:0px 0px 0px 0px;\">\n\t\t\t\t\t<div class=\"icon-box-img has-icon-bg\" style=\"width: 60px\">\n\t\t\t\t<div class=\"icon\">\n\t\t\t\t\t<div class=\"icon-inner\" style=\"border-width:2px;\">\n\t\t\t\t\t\t\t\t\t\t\t<\/div>\n\t\t\t\t<\/div>\n\t\t\t<\/div>\n\t\t\t\t<div class=\"icon-box-text last-reset\">\n\t\t\t<h5 class=\"uppercase\">Nos valeurs fondamentales<\/h5>\t\t\t\t\t\t\n\n<p>Nous op\u00e9rons avec les normes \u00e9thiques les plus \u00e9lev\u00e9es, privil\u00e9giant la transparence et l\u2019honn\u00eatet\u00e9 \u00e0 chaque \u00e9tape que nous franchissons.<\/p>\n\t<div id=\"gap-1918593763\" class=\"gap-element clearfix\" style=\"display:block; height:auto;\">\n\t\t\n<style>\n#gap-1918593763 {\n  padding-top: 50px;\n}\n<\/style>\n\t<\/div>\n\t\n\n<a href=\"https:\/\/fastratconsultancy.com\/fr\/about-fa-strategy-consultancy\/\" class=\"button secondary is-outline is-smaller\"  style=\"border-radius:99px;\">\n\t\t<span>En savoir plus<\/span>\n\t<\/a>\n\n\n\n\t\t<\/div>\n\t<\/div>\n\t\n\t\n\n\t\t<\/div>\n\t\t\t\t\t<\/div>\n\n\t\n\n\t<div id=\"col-2056363585\" class=\"col medium-4 small-12 large-4\"  >\n\t\t\t\t<div class=\"col-inner text-center dark\"  >\n\t\t\t\n\t\t\t\n\n\n\t\t<div class=\"icon-box featured-box icon-box-center text-center\"  style=\"margin:0px 0px 0px 0px;\">\n\t\t\t\t\t<div class=\"icon-box-img has-icon-bg\" style=\"width: 60px\">\n\t\t\t\t<div class=\"icon\">\n\t\t\t\t\t<div class=\"icon-inner\" style=\"border-width:2px;\">\n\t\t\t\t\t\t\t\t\t\t\t<\/div>\n\t\t\t\t<\/div>\n\t\t\t<\/div>\n\t\t\t\t<div class=\"icon-box-text last-reset\">\n\t\t\t<h5 class=\"uppercase\">Notre \u00e9quipe<\/h5>\t\t\t\t\t\t\n\n<p>Notre si\u00e8ge social \u00e0 Abu Dhabi, un p\u00f4le d&#039;innovation mondial, est l&#039;endroit o\u00f9 nous collaborons avec nos clients pour \u00e9laborer des strat\u00e9gies de pointe.<\/p>\n\n\t\t<\/div>\n\t<\/div>\n\t\n\t\n\t<div id=\"gap-133971407\" class=\"gap-element clearfix\" style=\"display:block; height:auto;\">\n\t\t\n<style>\n#gap-133971407 {\n  padding-top: 30px;\n}\n<\/style>\n\t<\/div>\n\t\n\n<a href=\"https:\/\/fastratconsultancy.com\/fr\/our-team\/\" class=\"button secondary is-outline is-smaller\"  style=\"border-radius:99px;\">\n\t\t<span>En savoir plus<\/span>\n\t<\/a>\n\n\n\n\t\t<\/div>\n\t\t\t\t\t<\/div>\n\n\t\n\n<\/div>\n\t<div id=\"gap-930666336\" class=\"gap-element clearfix\" style=\"display:block; height:auto;\">\n\t\t\n<style>\n#gap-930666336 {\n  padding-top: 30px;\n}\n<\/style>\n\t<\/div>\n\t\n\n<div class=\"row row-collapse row-full-width\"  id=\"row-1541481028\">\n\n\n<\/div>\n\n\t\t<\/div>\n\n\t\t\n<style>\n#section_1000211593 {\n  padding-top: 30px;\n  padding-bottom: 30px;\n  background-color: rgb(0,0,0);\n}\n<\/style>\n\t<\/section>","protected":false},"excerpt":{"rendered":"","protected":false},"author":2,"featured_media":0,"parent":0,"menu_order":0,"comment_status":"closed","ping_status":"closed","template":"page-transparent-header-light.php","meta":{"footnotes":""},"class_list":["post-2","page","type-page","status-publish","hentry"],"_links":{"self":[{"href":"https:\/\/fastratconsultancy.com\/fr\/wp-json\/wp\/v2\/pages\/2","targetHints":{"allow":["GET"]}}],"collection":[{"href":"https:\/\/fastratconsultancy.com\/fr\/wp-json\/wp\/v2\/pages"}],"about":[{"href":"https:\/\/fastratconsultancy.com\/fr\/wp-json\/wp\/v2\/types\/page"}],"author":[{"embeddable":true,"href":"https:\/\/fastratconsultancy.com\/fr\/wp-json\/wp\/v2\/users\/2"}],"replies":[{"embeddable":true,"href":"https:\/\/fastratconsultancy.com\/fr\/wp-json\/wp\/v2\/comments?post=2"}],"version-history":[{"count":0,"href":"https:\/\/fastratconsultancy.com\/fr\/wp-json\/wp\/v2\/pages\/2\/revisions"}],"wp:attachment":[{"href":"https:\/\/fastratconsultancy.com\/fr\/wp-json\/wp\/v2\/media?parent=2"}],"curies":[{"name":"wp","href":"https:\/\/api.w.org\/{rel}","templated":true}]}}