{"id":175,"date":"2024-09-29T00:49:31","date_gmt":"2024-09-29T00:49:31","guid":{"rendered":"https:\/\/fastratconsultancy.com\/?page_id=175"},"modified":"2024-09-29T00:51:14","modified_gmt":"2024-09-29T00:51:14","slug":"privacy-policy-2","status":"publish","type":"page","link":"https:\/\/fastratconsultancy.com\/fr\/privacy-policy-2\/","title":{"rendered":"politique de confidentialit\u00e9"},"content":{"rendered":"<div class=\"slider-wrapper relative\" id=\"slider-1146260676\" >\n    <div class=\"slider slider-nav-circle slider-nav-large slider-nav-light slider-style-normal\"\n        data-flickity-options='{            \"cellAlign\": \"center\",            \"imagesLoaded\": true,            \"lazyLoad\": 1,            \"freeScroll\": false,            \"wrapAround\": true,            \"autoPlay\": 6000,            \"pauseAutoPlayOnHover\" : true,            \"prevNextButtons\": true,            \"contain\" : true,            \"adaptiveHeight\" : true,            \"dragThreshold\" : 10,            \"percentPosition\": true,            \"pageDots\": true,            \"rightToLeft\": false,            \"draggable\": true,            \"selectedAttraction\": 0.1,            \"parallax\" : 0,            \"friction\": 0.6        }'\n        >\n        \n\n\n  <div class=\"banner has-hover has-parallax\" id=\"banner-73371777\">\n          <div class=\"banner-inner fill\">\n        <div class=\"banner-bg fill\" data-parallax=\"-2\" data-parallax-container=\".banner\" data-parallax-background>\n            <img loading=\"lazy\" decoding=\"async\" width=\"1920\" height=\"1282\" src=\"https:\/\/fastratconsultancy.com\/wp-content\/uploads\/2024\/08\/ad.jpeg\" class=\"bg attachment-original size-original\" alt=\"\" \/>                        <div class=\"overlay\"><\/div>            \n                    <\/div>\n\t\t\n        <div class=\"banner-layers container\">\n            <div class=\"fill banner-link\"><\/div>            \n\n   <div id=\"text-box-361029268\" class=\"text-box banner-layer x50 md-x5 lg-x0 y90 md-y90 lg-y90 res-text\">\n                     <div data-animate=\"fadeInDown\">           <div class=\"text-box-content text dark\">\n              \n              <div class=\"text-inner text-left\">\n                  \n\n<h6>Conseil en strat\u00e9gie FA<\/h6>\n<h1><strong>politique de confidentialit\u00e9<\/strong><\/h1>\n\n\n              <\/div>\n           <\/div>\n       <\/div>                     \n<style>\n#text-box-361029268 {\n  width: 83%;\n}\n#text-box-361029268 .text-box-content {\n  font-size: 100%;\n}\n@media (min-width:550px) {\n  #text-box-361029268 {\n    width: 69%;\n  }\n}\n@media (min-width:850px) {\n  #text-box-361029268 {\n    width: 64%;\n  }\n}\n<\/style>\n    <\/div>\n \n\n        <\/div>\n      <\/div>\n\n            \n<style>\n#banner-73371777 {\n  padding-top: 300px;\n}\n#banner-73371777 .overlay {\n  background-color: rgba(0, 0, 0, 0.465);\n}\n#banner-73371777 .banner-bg img {\n  object-position: 55% 93%;\n}\n<\/style>\n  <\/div>\n\n\n\n     <\/div>\n\n     <div class=\"loading-spin dark large centered\"><\/div>\n\n\t<\/div>\n\n\n\n\t<section class=\"section\" id=\"section_144398356\">\n\t\t<div class=\"section-bg fill\" >\n\t\t\t\t\t\t\t\t\t\n\t\t\t\n\n\t\t<\/div>\n\n\t\t\n\n\t\t<div class=\"section-content relative\">\n\t\t\t\n\n<div class=\"row align-center\"  id=\"row-1005892902\">\n\n\n\t<div id=\"col-2019654111\" class=\"col small-12 large-12\"  >\n\t\t\t\t<div class=\"col-inner dark\"  >\n\t\t\t\n\t\t\t\n\n\t<div id=\"gap-1252547211\" class=\"gap-element clearfix\" style=\"display:block; height:auto;\">\n\t\t\n<style>\n#gap-1252547211 {\n  padding-top: 30px;\n}\n<\/style>\n\t<\/div>\n\t\n\n<div>Chez FA STRATEGY CONSULTANCY LIMITED (Incubator Building, Masdar City, Abou Dhabi, \u00c9mirats arabes unis), nous nous engageons \u00e0 prot\u00e9ger vos donn\u00e9es personnelles. Cette politique explique comment nous collectons, utilisons et prot\u00e9geons vos donn\u00e9es personnelles, conform\u00e9ment au d\u00e9cret-loi f\u00e9d\u00e9ral n\u00b0 45 de 2021 et \u00e0 la r\u00e9glementation applicable aux zones franches des \u00c9mirats arabes unis.<\/div>\n<div>\u00a0<\/div>\n<div><strong>Pourquoi collectons-nous vos donn\u00e9es ?<\/strong><\/div>\n<div>Nous collectons vos donn\u00e9es personnelles pour :<\/div>\n<div>\u00a0<\/div>\n<div><strong>Fournir nos services ;<\/strong><\/div>\n<div>\u2022 G\u00e9rer notre relation avec vous, y compris les paiements et l\u2019assistance\u00a0;<\/div>\n<div>\u2022 Assurer la s\u00e9curit\u00e9 de nos locaux et de nos syst\u00e8mes informatiques ;<\/div>\n<div>\u2022 Se conformer aux exigences l\u00e9gales, comme les contr\u00f4les anti-blanchiment d\u2019argent ;<\/div>\n<div>\u2022 Communiquer des mises \u00e0 jour sur nos services ou promotions.<\/div>\n<div>\u00a0<\/div>\n<div><strong>Votre consentement<\/strong><\/div>\n<div>Nous vous demanderons votre consentement avant de collecter, d&#039;utiliser ou de partager vos donn\u00e9es, sauf si la loi l&#039;exige. Vous avez le droit de refuser, mais cela pourrait limiter les services que nous pouvons vous offrir.<\/div>\n<div>\u00a0<\/div>\n<div><strong>Comment nous utilisons et prot\u00e9geons vos donn\u00e9es<\/strong><\/div>\n<div>Nous utiliserons vos donn\u00e9es personnelles uniquement pour les raisons susmentionn\u00e9es et les prot\u00e9gerons gr\u00e2ce \u00e0 des mesures de s\u00e9curit\u00e9 appropri\u00e9es. Vos donn\u00e9es ne seront conserv\u00e9es que pendant la dur\u00e9e n\u00e9cessaire ou requise par la loi.<\/div>\n<div>\u00a0<\/div>\n<div><strong>Acc\u00e8s \u00e0 vos donn\u00e9es<\/strong><\/div>\n<div>Vous pouvez demander l&#039;acc\u00e8s \u00e0 vos donn\u00e9es personnelles \u00e0 tout moment pour v\u00e9rifier leur exactitude ou demander leur modification. Cependant, dans certains cas, des raisons juridiques ou de s\u00e9curit\u00e9 peuvent limiter la divulgation d&#039;informations.<\/div>\n<div>\u00a0<\/div>\n<div><strong>Contactez-nous<\/strong><\/div>\n<div>Si vous avez des questions ou des pr\u00e9occupations, veuillez nous contacter \u00e0 contact@fastratconsultancy.com.<\/div>\n<div>\u00a0<\/div>\n<div><strong>Modifications de cette politique<\/strong><\/div>\n<div>Nous pouvons mettre \u00e0 jour cette politique si n\u00e9cessaire. Toute modification importante vous sera communiqu\u00e9e 30 jours avant son entr\u00e9e en vigueur.<\/div>\n\n\t\t<\/div>\n\t\t\t\t\t<\/div>\n\n\t\n\n<\/div>\n\n\t\t<\/div>\n\n\t\t\n<style>\n#section_144398356 {\n  padding-top: 30px;\n  padding-bottom: 30px;\n  background-color: rgb(0,0,0);\n}\n<\/style>\n\t<\/section>\n\t\n<div class=\"row row-collapse row-full-width\"  id=\"row-721693622\">\n\n\n\t<div id=\"col-317940712\" class=\"col small-12 large-12\"  >\n\t\t\t\t<div class=\"col-inner dark\" style=\"background-color:rgb(184, 141, 34);\" >\n\t\t\t\n\t\t\t\n\n<div class=\"row row-small row-full-width\"  id=\"row-1372049992\">\n\n\n\t<div id=\"col-297929710\" class=\"col small-12 large-12\"  >\n\t\t\t\t<div class=\"col-inner\"  >\n\t\t\t\n\t\t\t\n\n\n  <div class=\"banner has-hover\" id=\"banner-37710115\">\n          <div class=\"banner-inner fill\">\n        <div class=\"banner-bg fill\" >\n            <img loading=\"lazy\" decoding=\"async\" width=\"1020\" height=\"1020\" src=\"https:\/\/fastratconsultancy.com\/wp-content\/uploads\/2024\/08\/startup-1024x1024.jpeg\" class=\"bg attachment-large size-large\" alt=\"\" \/>                        <div class=\"overlay\"><\/div>            \n                    <\/div>\n\t\t\n        <div class=\"banner-layers container\">\n            <div class=\"fill banner-link\"><\/div>            \n\n   <div id=\"text-box-610792050\" class=\"text-box banner-layer x5 md-x5 lg-x5 y50 md-y50 lg-y50 res-text\">\n                                <div class=\"text-box-content text dark\">\n              \n              <div class=\"text-inner text-left\">\n                  \n\n\t<div id=\"text-3957950810\" class=\"text\">\n\t\t\n\n<h3 class=\"uppercase\"><strong>NOTRE EXPERTISE<\/strong><\/h3>\n<p>FA Strategy Consultancy n&#039;est pas un simple cabinet de conseil. Nous sommes les champions de votre croissance et proposons une large gamme de services de conseil strat\u00e9gique couvrant les domaines suivants\u00a0:<\/p>\n\t\t\n<style>\n#text-3957950810 {\n  font-size: 0.8rem;\n}\n<\/style>\n\t<\/div>\n\t\n<a href=\"https:\/\/fastratconsultancy.com\/fr\/our-expertise\/\" class=\"button secondary\"  >\n\t\t<span>explorer<\/span>\n\t<i class=\"icon-angle-right\" aria-hidden=\"true\" ><\/i><\/a>\n\n\n\n              <\/div>\n           <\/div>\n                            \n<style>\n#text-box-610792050 {\n  width: 57%;\n}\n#text-box-610792050 .text-box-content {\n  font-size: 100%;\n}\n<\/style>\n    <\/div>\n \n\n        <\/div>\n      <\/div>\n\n            \n<style>\n#banner-37710115 {\n  padding-top: 300px;\n}\n#banner-37710115 .overlay {\n  background-color: rgba(0,0,0,.5);\n}\n#banner-37710115 .banner-bg img {\n  object-position: 54% 44%;\n}\n@media (min-width:550px) {\n  #banner-37710115 {\n    padding-top: 250px;\n  }\n}\n<\/style>\n  <\/div>\n\n\n\n\t\t<\/div>\n\t\t\t\t\t<\/div>\n\n\t\n\n<\/div>\n\n\t\t<\/div>\n\t\t\t\t\n<style>\n#col-317940712 > .col-inner {\n  padding: 50px 30px 30px 30px;\n}\n<\/style>\n\t<\/div>\n\n\t\n\n<\/div>\n\n\n\n<p><\/p>","protected":false},"excerpt":{"rendered":"","protected":false},"author":2,"featured_media":0,"parent":0,"menu_order":0,"comment_status":"closed","ping_status":"closed","template":"page-transparent-header-light.php","meta":{"footnotes":""},"class_list":["post-175","page","type-page","status-publish","hentry"],"_links":{"self":[{"href":"https:\/\/fastratconsultancy.com\/fr\/wp-json\/wp\/v2\/pages\/175","targetHints":{"allow":["GET"]}}],"collection":[{"href":"https:\/\/fastratconsultancy.com\/fr\/wp-json\/wp\/v2\/pages"}],"about":[{"href":"https:\/\/fastratconsultancy.com\/fr\/wp-json\/wp\/v2\/types\/page"}],"author":[{"embeddable":true,"href":"https:\/\/fastratconsultancy.com\/fr\/wp-json\/wp\/v2\/users\/2"}],"replies":[{"embeddable":true,"href":"https:\/\/fastratconsultancy.com\/fr\/wp-json\/wp\/v2\/comments?post=175"}],"version-history":[{"count":0,"href":"https:\/\/fastratconsultancy.com\/fr\/wp-json\/wp\/v2\/pages\/175\/revisions"}],"wp:attachment":[{"href":"https:\/\/fastratconsultancy.com\/fr\/wp-json\/wp\/v2\/media?parent=175"}],"curies":[{"name":"wp","href":"https:\/\/api.w.org\/{rel}","templated":true}]}}