{"id":120,"date":"2024-08-04T21:46:28","date_gmt":"2024-08-04T21:46:28","guid":{"rendered":"https:\/\/newlandintl.com\/fa\/?page_id=120"},"modified":"2024-08-04T21:50:26","modified_gmt":"2024-08-04T21:50:26","slug":"our-commitment-to-social-responsibility","status":"publish","type":"page","link":"https:\/\/fastratconsultancy.com\/fr\/our-commitment-to-social-responsibility\/","title":{"rendered":"Notre engagement en mati\u00e8re de responsabilit\u00e9 sociale"},"content":{"rendered":"<div class=\"slider-wrapper relative\" id=\"slider-345738303\" >\n    <div class=\"slider slider-nav-circle slider-nav-large slider-nav-light slider-style-normal\"\n        data-flickity-options='{            \"cellAlign\": \"center\",            \"imagesLoaded\": true,            \"lazyLoad\": 1,            \"freeScroll\": false,            \"wrapAround\": true,            \"autoPlay\": 6000,            \"pauseAutoPlayOnHover\" : true,            \"prevNextButtons\": true,            \"contain\" : true,            \"adaptiveHeight\" : true,            \"dragThreshold\" : 10,            \"percentPosition\": true,            \"pageDots\": true,            \"rightToLeft\": false,            \"draggable\": true,            \"selectedAttraction\": 0.1,            \"parallax\" : 0,            \"friction\": 0.6        }'\n        >\n        \n\n\n  <div class=\"banner has-hover has-parallax\" id=\"banner-2102676597\">\n          <div class=\"banner-inner fill\">\n        <div class=\"banner-bg fill\" data-parallax=\"-2\" data-parallax-container=\".banner\" data-parallax-background>\n            <img loading=\"lazy\" decoding=\"async\" width=\"1920\" height=\"1282\" src=\"https:\/\/fastratconsultancy.com\/wp-content\/uploads\/2024\/08\/ad.jpeg\" class=\"bg attachment-original size-original\" alt=\"\" \/>                        <div class=\"overlay\"><\/div>            \n                    <\/div>\n\t\t\n        <div class=\"banner-layers container\">\n            <div class=\"fill banner-link\"><\/div>            \n\n   <div id=\"text-box-1612315298\" class=\"text-box banner-layer x50 md-x5 lg-x0 y90 md-y90 lg-y90 res-text\">\n                     <div data-animate=\"fadeInDown\">           <div class=\"text-box-content text dark\">\n              \n              <div class=\"text-inner text-left\">\n                  \n\n<h6>Conseil en strat\u00e9gie FA<\/h6>\n<h1><strong> Notre engagement en mati\u00e8re de responsabilit\u00e9 sociale <\/strong><\/h1>\n\n\n              <\/div>\n           <\/div>\n       <\/div>                     \n<style>\n#text-box-1612315298 {\n  width: 83%;\n}\n#text-box-1612315298 .text-box-content {\n  font-size: 100%;\n}\n@media (min-width:550px) {\n  #text-box-1612315298 {\n    width: 69%;\n  }\n}\n@media (min-width:850px) {\n  #text-box-1612315298 {\n    width: 71%;\n  }\n}\n<\/style>\n    <\/div>\n \n\n        <\/div>\n      <\/div>\n\n            \n<style>\n#banner-2102676597 {\n  padding-top: 300px;\n}\n#banner-2102676597 .overlay {\n  background-color: rgba(0, 0, 0, 0.465);\n}\n#banner-2102676597 .banner-bg img {\n  object-position: 55% 93%;\n}\n<\/style>\n  <\/div>\n\n\n\n     <\/div>\n\n     <div class=\"loading-spin dark large centered\"><\/div>\n\n\t<\/div>\n\n\n\n\t<section class=\"section\" id=\"section_2066287675\">\n\t\t<div class=\"section-bg fill\" >\n\t\t\t\t\t\t\t\t\t\n\t\t\t\n\n\t\t<\/div>\n\n\t\t\n\n\t\t<div class=\"section-content relative\">\n\t\t\t\n\n<div class=\"row align-center\"  id=\"row-1982281476\">\n\n\n\t<div id=\"col-497210365\" class=\"col small-12 large-12\"  >\n\t\t\t\t<div class=\"col-inner dark\"  >\n\t\t\t\n\t\t\t\n\n\t<div id=\"gap-2083271387\" class=\"gap-element clearfix\" style=\"display:block; height:auto;\">\n\t\t\n<style>\n#gap-2083271387 {\n  padding-top: 30px;\n}\n<\/style>\n\t<\/div>\n\t\n\n<p><strong>Chez FA Strategy Consultancy<\/strong>Nous pensons que la r\u00e9ussite va au-del\u00e0 des r\u00e9sultats financiers. C&#039;est pourquoi nous d\u00e9fendons une approche de responsabilit\u00e9 sociale d&#039;entreprise (RSE) qui surpasse les normes du secteur.<\/p>\n<p><strong>Durabilit\u00e9 et \u00e9thique\u00a0: les piliers de la croissance<\/strong><br \/>Nous comprenons que le d\u00e9veloppement durable et les pratiques \u00e9thiques sont essentiels \u00e0 la r\u00e9ussite \u00e0 long terme de toutes les parties prenantes\u00a0: nos clients, notre entreprise et nos investisseurs. Notre approche RSE repose sur quatre piliers cl\u00e9s\u00a0:<\/p>\n<p><strong>Performance durable :<\/strong><br \/>Nous aidons nos clients \u00e0 adopter des pratiques durables, \u00e0 pr\u00e9server l&#039;environnement et \u00e0 g\u00e9n\u00e9rer de la valeur \u00e0 long terme. Nous int\u00e9grons des strat\u00e9gies vertes \u00e0 l&#039;ensemble de leurs op\u00e9rations, favorisant ainsi un impact environnemental positif qui renforce la confiance et la satisfaction de nos investisseurs.<\/p>\n<p><strong>Finance durable :<\/strong><br \/>Nous sommes votre conseiller de confiance en mati\u00e8re d&#039;investissements responsables et de strat\u00e9gies de financement. Nous privil\u00e9gions des solutions respectueuses du d\u00e9veloppement durable et des pratiques \u00e9thiques, tout en maximisant les rendements. Cette approche garantit des r\u00e9sultats financiers solides et favorise la satisfaction des investisseurs, car leurs investissements contribuent \u00e0 un avenir plus vert.<\/p>\n<p><strong>Achats responsables :<\/strong><br \/>Nous vous accompagnons vers des pratiques d&#039;achat \u00e9thiques et durables. En s\u00e9lectionnant des fournisseurs engag\u00e9s en mati\u00e8re de responsabilit\u00e9 environnementale et sociale, nous renfor\u00e7ons votre cha\u00eene d&#039;approvisionnement. Aligner vos achats sur vos valeurs et les attentes de vos clients renforce la confiance des investisseurs \u00e0 long terme dans la viabilit\u00e9 de votre entreprise.<\/p>\n<p><strong>Performance environnementale :<\/strong><br \/>Nous nous engageons \u00e0 minimiser votre empreinte carbone et \u00e0 am\u00e9liorer votre impact environnemental. Nos experts collaborent avec vous pour \u00e9laborer des strat\u00e9gies visant \u00e0\u00a0:<br \/>R\u00e9duction des \u00e9missions de gaz \u00e0 effet de serre : mettez en \u0153uvre des solutions pour diminuer votre empreinte environnementale.<\/p>\n<p><strong>Optimisation des ressources naturelles :<\/strong> Utiliser les ressources de mani\u00e8re efficace et durable.<br \/>Promotion des \u00e9nergies renouvelables : Int\u00e9grer les sources d\u2019\u00e9nergie renouvelables pour un avenir plus vert.<br \/>Une bonne performance environnementale est un indicateur cl\u00e9 pour les investisseurs responsables.<br \/>RSE strat\u00e9gique\u00a0: une proposition gagnant-gagnant<br \/>Nous consid\u00e9rons la RSE comme plus qu&#039;une obligation \u00e9thique\u00a0; c&#039;est une opportunit\u00e9 strat\u00e9gique. En int\u00e9grant la RSE \u00e0 vos strat\u00e9gies d&#039;entreprise, vous pouvez\u00a0:<\/p>\n<p><strong>Diff\u00e9renciez votre marque :<\/strong> D\u00e9marquez-vous sur le march\u00e9 gr\u00e2ce \u00e0 des pratiques responsables.<br \/>Cr\u00e9er une valeur durable : b\u00e2tir un succ\u00e8s \u00e0 long terme guid\u00e9 par des consid\u00e9rations \u00e9thiques.<br \/>En collaborant avec FA Strategy Consultancy, vous acc\u00e9dez \u00e0 des solutions innovantes et responsables. Nous accordons une grande importance \u00e0 la satisfaction de toutes les parties prenantes, notamment vos clients, vos partenaires et, surtout, vos investisseurs.<\/p>\n\n\t\t<\/div>\n\t\t\t\t\t<\/div>\n\n\t\n\n<\/div>\n\n\t\t<\/div>\n\n\t\t\n<style>\n#section_2066287675 {\n  padding-top: 30px;\n  padding-bottom: 30px;\n  background-color: rgb(0,0,0);\n}\n<\/style>\n\t<\/section>\n\t\n<div class=\"row row-collapse row-full-width\"  id=\"row-1824737839\">\n\n\n\t<div id=\"col-653607014\" class=\"col small-12 large-12\"  >\n\t\t\t\t<div class=\"col-inner dark\" style=\"background-color:rgb(184, 141, 34);\" >\n\t\t\t\n\t\t\t\n\n<div class=\"row row-small row-full-width\"  id=\"row-346368261\">\n\n\n\t<div id=\"col-258827643\" class=\"col small-12 large-12\"  >\n\t\t\t\t<div class=\"col-inner\"  >\n\t\t\t\n\t\t\t\n\n\n  <div class=\"banner has-hover\" id=\"banner-1313795407\">\n          <div class=\"banner-inner fill\">\n        <div class=\"banner-bg fill\" >\n            <img loading=\"lazy\" decoding=\"async\" width=\"1020\" height=\"1020\" src=\"https:\/\/fastratconsultancy.com\/wp-content\/uploads\/2024\/08\/startup-1024x1024.jpeg\" class=\"bg attachment-large size-large\" alt=\"\" \/>                        <div class=\"overlay\"><\/div>            \n                    <\/div>\n\t\t\n        <div class=\"banner-layers container\">\n            <div class=\"fill banner-link\"><\/div>            \n\n   <div id=\"text-box-714761129\" class=\"text-box banner-layer x5 md-x5 lg-x5 y50 md-y50 lg-y50 res-text\">\n                                <div class=\"text-box-content text dark\">\n              \n              <div class=\"text-inner text-left\">\n                  \n\n\t<div id=\"text-3612003620\" class=\"text\">\n\t\t\n\n<h3 class=\"uppercase\"><strong>NOTRE EXPERTISE<\/strong><\/h3>\n<p>FA Strategy Consultancy n&#039;est pas un simple cabinet de conseil. Nous sommes les champions de votre croissance et proposons une large gamme de services de conseil strat\u00e9gique couvrant les domaines suivants\u00a0:<\/p>\n\t\t\n<style>\n#text-3612003620 {\n  font-size: 0.8rem;\n}\n<\/style>\n\t<\/div>\n\t\n<a class=\"button secondary\"  >\n\t\t<span>explorer<\/span>\n\t<i class=\"icon-angle-right\" aria-hidden=\"true\" ><\/i><\/a>\n\n\n\n              <\/div>\n           <\/div>\n                            \n<style>\n#text-box-714761129 {\n  width: 57%;\n}\n#text-box-714761129 .text-box-content {\n  font-size: 100%;\n}\n<\/style>\n    <\/div>\n \n\n        <\/div>\n      <\/div>\n\n            \n<style>\n#banner-1313795407 {\n  padding-top: 300px;\n}\n#banner-1313795407 .overlay {\n  background-color: rgba(0,0,0,.5);\n}\n#banner-1313795407 .banner-bg img {\n  object-position: 54% 44%;\n}\n@media (min-width:550px) {\n  #banner-1313795407 {\n    padding-top: 250px;\n  }\n}\n<\/style>\n  <\/div>\n\n\n\n\t\t<\/div>\n\t\t\t\t\t<\/div>\n\n\t\n\n<\/div>\n\n\t\t<\/div>\n\t\t\t\t\n<style>\n#col-653607014 > .col-inner {\n  padding: 50px 30px 30px 30px;\n}\n<\/style>\n\t<\/div>\n\n\t\n\n<\/div>","protected":false},"excerpt":{"rendered":"","protected":false},"author":2,"featured_media":0,"parent":0,"menu_order":0,"comment_status":"closed","ping_status":"closed","template":"page-transparent-header-light.php","meta":{"footnotes":""},"class_list":["post-120","page","type-page","status-publish","hentry"],"_links":{"self":[{"href":"https:\/\/fastratconsultancy.com\/fr\/wp-json\/wp\/v2\/pages\/120","targetHints":{"allow":["GET"]}}],"collection":[{"href":"https:\/\/fastratconsultancy.com\/fr\/wp-json\/wp\/v2\/pages"}],"about":[{"href":"https:\/\/fastratconsultancy.com\/fr\/wp-json\/wp\/v2\/types\/page"}],"author":[{"embeddable":true,"href":"https:\/\/fastratconsultancy.com\/fr\/wp-json\/wp\/v2\/users\/2"}],"replies":[{"embeddable":true,"href":"https:\/\/fastratconsultancy.com\/fr\/wp-json\/wp\/v2\/comments?post=120"}],"version-history":[{"count":0,"href":"https:\/\/fastratconsultancy.com\/fr\/wp-json\/wp\/v2\/pages\/120\/revisions"}],"wp:attachment":[{"href":"https:\/\/fastratconsultancy.com\/fr\/wp-json\/wp\/v2\/media?parent=120"}],"curies":[{"name":"wp","href":"https:\/\/api.w.org\/{rel}","templated":true}]}}