{"id":116,"date":"2024-08-04T21:36:46","date_gmt":"2024-08-04T21:36:46","guid":{"rendered":"https:\/\/newlandintl.com\/fa\/?page_id=116"},"modified":"2025-08-03T13:49:29","modified_gmt":"2025-08-03T13:49:29","slug":"our-focus-regions","status":"publish","type":"page","link":"https:\/\/fastratconsultancy.com\/fr\/our-focus-regions\/","title":{"rendered":"Nos r\u00e9gions d&#039;intervention"},"content":{"rendered":"<div class=\"slider-wrapper relative\" id=\"slider-1607595656\" >\n    <div class=\"slider slider-nav-circle slider-nav-large slider-nav-light slider-style-normal\"\n        data-flickity-options='{            \"cellAlign\": \"center\",            \"imagesLoaded\": true,            \"lazyLoad\": 1,            \"freeScroll\": false,            \"wrapAround\": true,            \"autoPlay\": 6000,            \"pauseAutoPlayOnHover\" : true,            \"prevNextButtons\": true,            \"contain\" : true,            \"adaptiveHeight\" : true,            \"dragThreshold\" : 10,            \"percentPosition\": true,            \"pageDots\": true,            \"rightToLeft\": false,            \"draggable\": true,            \"selectedAttraction\": 0.1,            \"parallax\" : 0,            \"friction\": 0.6        }'\n        >\n        \n\n\n  <div class=\"banner has-hover has-parallax\" id=\"banner-567788247\">\n          <div class=\"banner-inner fill\">\n        <div class=\"banner-bg fill\" data-parallax=\"-2\" data-parallax-container=\".banner\" data-parallax-background>\n            <img loading=\"lazy\" decoding=\"async\" width=\"1920\" height=\"1282\" src=\"https:\/\/fastratconsultancy.com\/wp-content\/uploads\/2024\/08\/ad.jpeg\" class=\"bg attachment-original size-original\" alt=\"\" \/>                        <div class=\"overlay\"><\/div>            \n                    <\/div>\n\t\t\n        <div class=\"banner-layers container\">\n            <div class=\"fill banner-link\"><\/div>            \n\n   <div id=\"text-box-1032192618\" class=\"text-box banner-layer x50 md-x5 lg-x0 y90 md-y90 lg-y90 res-text\">\n                     <div data-animate=\"fadeInDown\">           <div class=\"text-box-content text dark\">\n              \n              <div class=\"text-inner text-left\">\n                  \n\n<h6>Conseil en strat\u00e9gie FA<\/h6>\n<h1><strong>Nos r\u00e9gions d&#039;intervention<\/strong><\/h1>\n\n              <\/div>\n           <\/div>\n       <\/div>                     \n<style>\n#text-box-1032192618 {\n  width: 83%;\n}\n#text-box-1032192618 .text-box-content {\n  font-size: 100%;\n}\n@media (min-width:550px) {\n  #text-box-1032192618 {\n    width: 69%;\n  }\n}\n@media (min-width:850px) {\n  #text-box-1032192618 {\n    width: 64%;\n  }\n}\n<\/style>\n    <\/div>\n \n\n        <\/div>\n      <\/div>\n\n            \n<style>\n#banner-567788247 {\n  padding-top: 300px;\n}\n#banner-567788247 .overlay {\n  background-color: rgba(0, 0, 0, 0.465);\n}\n#banner-567788247 .banner-bg img {\n  object-position: 55% 93%;\n}\n<\/style>\n  <\/div>\n\n\n\n     <\/div>\n\n     <div class=\"loading-spin dark large centered\"><\/div>\n\n\t<\/div>\n\n\n\n\t<section class=\"section\" id=\"section_1273055249\">\n\t\t<div class=\"section-bg fill\" >\n\t\t\t\t\t\t\t\t\t\n\t\t\t\n\n\t\t<\/div>\n\n\t\t\n\n\t\t<div class=\"section-content relative\">\n\t\t\t\n\n<div class=\"row align-center\"  id=\"row-175104648\">\n\n\n\t<div id=\"col-1472437171\" class=\"col small-12 large-12\"  >\n\t\t\t\t<div class=\"col-inner dark\"  >\n\t\t\t\n\t\t\t\n\n\t<div id=\"gap-1651339343\" class=\"gap-element clearfix\" style=\"display:block; height:auto;\">\n\t\t\n<style>\n#gap-1651339343 {\n  padding-top: 30px;\n}\n<\/style>\n\t<\/div>\n\t\n\n<p>FA Strategy Consultancy est votre passerelle vers le succ\u00e8s sur les march\u00e9s dynamiques et \u00e0 forte croissance du Moyen-Orient, de la Turquie, de l&#039;Asie et de l&#039;Afrique. Ces r\u00e9gions rec\u00e8lent un potentiel inexploit\u00e9, mais n\u00e9cessitent une compr\u00e9hension fine et une approche locale pour y naviguer efficacement.<\/p>\n<ul>\n<li><strong>Le Moyen-Orient :<\/strong> Terre de grande diversit\u00e9 \u00e9conomique et d&#039;expansion rapide, le Moyen-Orient offre des opportunit\u00e9s prometteuses dans des secteurs comme l&#039;\u00e9nergie, la construction, la technologie et la finance. Forts de notre pr\u00e9sence \u00e0 Abou Dhabi et de notre vaste r\u00e9seau r\u00e9gional, nous vous offrons des perspectives pr\u00e9cieuses et des strat\u00e9gies sur mesure pour prosp\u00e9rer dans ce paysage dynamique.<\/li>\n<li><strong>Dinde:<\/strong> Situ\u00e9e au carrefour de l&#039;Europe et de l&#039;Asie, la Turquie constitue une porte d&#039;entr\u00e9e strat\u00e9gique pour les entreprises en qu\u00eate d&#039;expansion internationale. Notre expertise locale vous permet de ma\u00eetriser les complexit\u00e9s r\u00e9glementaires et culturelles et de maximiser votre impact au sein de cette \u00e9conomie dynamique.<\/li>\n<li><strong>Afrique:<\/strong> Dot\u00e9e de vastes ressources naturelles et d&#039;un potentiel de croissance remarquable, l&#039;Afrique est un march\u00e9 \u00e9mergent cl\u00e9. Nous vous aidons \u00e0 saisir les opportunit\u00e9s dans des secteurs en plein essor comme les infrastructures, l&#039;agriculture, l&#039;informatique et les \u00e9nergies renouvelables. Notre connaissance approfondie des conditions du march\u00e9 local et des pratiques commerciales vous conf\u00e8re un avantage concurrentiel consid\u00e9rable.<\/li>\n<li><strong data-start=\"1441\" data-end=\"1449\">Asie<\/strong>: L&#039;Asie, l&#039;une des r\u00e9gions les plus diversifi\u00e9es et les plus dynamiques au monde, offre un potentiel immense dans des secteurs tels que l&#039;industrie manufacturi\u00e8re, l&#039;innovation num\u00e9rique, les technologies de la sant\u00e9 et les \u00e9nergies vertes. Notre expertise strat\u00e9gique et nos relations de terrain avec les principales \u00e9conomies asiatiques, comme l&#039;Inde, l&#039;Asie du Sud-Est et la Chine, permettent \u00e0 votre entreprise de saisir des opportunit\u00e9s de croissance transformatrices.<\/li>\n<\/ul>\n<p>\u00a0<\/p>\n<p>En int\u00e9grant harmonieusement notre expertise locale \u00e0 un r\u00e9seau mondial, nous \u00e9laborons des solutions strat\u00e9giques sur mesure qui r\u00e9pondent aux besoins sp\u00e9cifiques de chaque march\u00e9. Notre engagement \u00e0 comprendre les sp\u00e9cificit\u00e9s de ces r\u00e9gions vous permet de mettre en \u0153uvre des strat\u00e9gies efficaces et innovantes, dynamisant ainsi votre r\u00e9ussite et votre croissance durable.<\/p>\n\n\t\t<\/div>\n\t\t\t\t\t<\/div>\n\n\t\n\n<\/div>\n\n\t\t<\/div>\n\n\t\t\n<style>\n#section_1273055249 {\n  padding-top: 30px;\n  padding-bottom: 30px;\n  background-color: rgb(0,0,0);\n}\n<\/style>\n\t<\/section>\n\t\n<div class=\"row row-collapse row-full-width\"  id=\"row-316450135\">\n\n\n\t<div id=\"col-264722917\" class=\"col small-12 large-12\"  >\n\t\t\t\t<div class=\"col-inner dark\" style=\"background-color:rgb(184, 141, 34);\" >\n\t\t\t\n\t\t\t\n\n<div class=\"row row-small row-full-width\"  id=\"row-1760419045\">\n\n\n\t<div id=\"col-373226522\" class=\"col small-12 large-12\"  >\n\t\t\t\t<div class=\"col-inner\"  >\n\t\t\t\n\t\t\t\n\n\n  <div class=\"banner has-hover\" id=\"banner-1518954855\">\n          <div class=\"banner-inner fill\">\n        <div class=\"banner-bg fill\" >\n            <img loading=\"lazy\" decoding=\"async\" width=\"1020\" height=\"1020\" src=\"https:\/\/fastratconsultancy.com\/wp-content\/uploads\/2024\/08\/startup-1024x1024.jpeg\" class=\"bg attachment-large size-large\" alt=\"\" \/>                        <div class=\"overlay\"><\/div>            \n                    <\/div>\n\t\t\n        <div class=\"banner-layers container\">\n            <div class=\"fill banner-link\"><\/div>            \n\n   <div id=\"text-box-797125064\" class=\"text-box banner-layer x5 md-x5 lg-x5 y50 md-y50 lg-y50 res-text\">\n                                <div class=\"text-box-content text dark\">\n              \n              <div class=\"text-inner text-left\">\n                  \n\n\t<div id=\"text-1387106086\" class=\"text\">\n\t\t\n\n<h3 class=\"uppercase\"><strong>NOTRE EXPERTISE<\/strong><\/h3>\n<p>FA Strategy Consultancy n&#039;est pas un simple cabinet de conseil. Nous sommes les champions de votre croissance et proposons une large gamme de services de conseil strat\u00e9gique couvrant les domaines suivants\u00a0:<\/p>\n\t\t\n<style>\n#text-1387106086 {\n  font-size: 0.8rem;\n}\n<\/style>\n\t<\/div>\n\t\n<a class=\"button secondary\"  >\n\t\t<span>explorer<\/span>\n\t<i class=\"icon-angle-right\" aria-hidden=\"true\" ><\/i><\/a>\n\n\n\n              <\/div>\n           <\/div>\n                            \n<style>\n#text-box-797125064 {\n  width: 57%;\n}\n#text-box-797125064 .text-box-content {\n  font-size: 100%;\n}\n<\/style>\n    <\/div>\n \n\n        <\/div>\n      <\/div>\n\n            \n<style>\n#banner-1518954855 {\n  padding-top: 300px;\n}\n#banner-1518954855 .overlay {\n  background-color: rgba(0,0,0,.5);\n}\n#banner-1518954855 .banner-bg img {\n  object-position: 54% 44%;\n}\n@media (min-width:550px) {\n  #banner-1518954855 {\n    padding-top: 250px;\n  }\n}\n<\/style>\n  <\/div>\n\n\n\n\t\t<\/div>\n\t\t\t\t\t<\/div>\n\n\t\n\n<\/div>\n\n\t\t<\/div>\n\t\t\t\t\n<style>\n#col-264722917 > .col-inner {\n  padding: 50px 30px 30px 30px;\n}\n<\/style>\n\t<\/div>\n\n\t\n\n<\/div>","protected":false},"excerpt":{"rendered":"","protected":false},"author":2,"featured_media":0,"parent":0,"menu_order":0,"comment_status":"closed","ping_status":"closed","template":"page-transparent-header-light.php","meta":{"footnotes":""},"class_list":["post-116","page","type-page","status-publish","hentry"],"_links":{"self":[{"href":"https:\/\/fastratconsultancy.com\/fr\/wp-json\/wp\/v2\/pages\/116","targetHints":{"allow":["GET"]}}],"collection":[{"href":"https:\/\/fastratconsultancy.com\/fr\/wp-json\/wp\/v2\/pages"}],"about":[{"href":"https:\/\/fastratconsultancy.com\/fr\/wp-json\/wp\/v2\/types\/page"}],"author":[{"embeddable":true,"href":"https:\/\/fastratconsultancy.com\/fr\/wp-json\/wp\/v2\/users\/2"}],"replies":[{"embeddable":true,"href":"https:\/\/fastratconsultancy.com\/fr\/wp-json\/wp\/v2\/comments?post=116"}],"version-history":[{"count":0,"href":"https:\/\/fastratconsultancy.com\/fr\/wp-json\/wp\/v2\/pages\/116\/revisions"}],"wp:attachment":[{"href":"https:\/\/fastratconsultancy.com\/fr\/wp-json\/wp\/v2\/media?parent=116"}],"curies":[{"name":"wp","href":"https:\/\/api.w.org\/{rel}","templated":true}]}}