{"id":110,"date":"2024-08-04T20:56:56","date_gmt":"2024-08-04T20:56:56","guid":{"rendered":"https:\/\/newlandintl.com\/fa\/?page_id=110"},"modified":"2025-07-25T20:42:23","modified_gmt":"2025-07-25T20:42:23","slug":"our-expertise","status":"publish","type":"page","link":"https:\/\/fastratconsultancy.com\/fr\/our-expertise\/","title":{"rendered":"Notre expertise"},"content":{"rendered":"<div class=\"slider-wrapper relative\" id=\"slider-2020582233\" >\n    <div class=\"slider slider-nav-circle slider-nav-large slider-nav-light slider-style-normal\"\n        data-flickity-options='{            \"cellAlign\": \"center\",            \"imagesLoaded\": true,            \"lazyLoad\": 1,            \"freeScroll\": false,            \"wrapAround\": true,            \"autoPlay\": 6000,            \"pauseAutoPlayOnHover\" : true,            \"prevNextButtons\": true,            \"contain\" : true,            \"adaptiveHeight\" : true,            \"dragThreshold\" : 10,            \"percentPosition\": true,            \"pageDots\": true,            \"rightToLeft\": false,            \"draggable\": true,            \"selectedAttraction\": 0.1,            \"parallax\" : 0,            \"friction\": 0.6        }'\n        >\n        \n\n\n  <div class=\"banner has-hover has-parallax\" id=\"banner-1726658026\">\n          <div class=\"banner-inner fill\">\n        <div class=\"banner-bg fill\" data-parallax=\"-2\" data-parallax-container=\".banner\" data-parallax-background>\n            <img loading=\"lazy\" decoding=\"async\" width=\"1920\" height=\"1282\" src=\"https:\/\/fastratconsultancy.com\/wp-content\/uploads\/2024\/08\/ad.jpeg\" class=\"bg attachment-original size-original\" alt=\"\" \/>                        <div class=\"overlay\"><\/div>            \n                    <\/div>\n\t\t\n        <div class=\"banner-layers container\">\n            <div class=\"fill banner-link\"><\/div>            \n\n   <div id=\"text-box-414884031\" class=\"text-box banner-layer x50 md-x5 lg-x0 y90 md-y90 lg-y90 res-text\">\n                     <div data-animate=\"fadeInDown\">           <div class=\"text-box-content text dark\">\n              \n              <div class=\"text-inner text-left\">\n                  \n\n<h6>Conseil en strat\u00e9gie FA<\/h6>\n<h1><strong>Comp\u00e9tence<\/strong><\/h1>\n\n              <\/div>\n           <\/div>\n       <\/div>                     \n<style>\n#text-box-414884031 {\n  width: 83%;\n}\n#text-box-414884031 .text-box-content {\n  font-size: 100%;\n}\n@media (min-width:550px) {\n  #text-box-414884031 {\n    width: 69%;\n  }\n}\n@media (min-width:850px) {\n  #text-box-414884031 {\n    width: 50%;\n  }\n}\n<\/style>\n    <\/div>\n \n\n        <\/div>\n      <\/div>\n\n            \n<style>\n#banner-1726658026 {\n  padding-top: 300px;\n}\n#banner-1726658026 .overlay {\n  background-color: rgba(0, 0, 0, 0.465);\n}\n#banner-1726658026 .banner-bg img {\n  object-position: 55% 93%;\n}\n<\/style>\n  <\/div>\n\n\n\n     <\/div>\n\n     <div class=\"loading-spin dark large centered\"><\/div>\n\n\t<\/div>\n\n\n\n\t<section class=\"section\" id=\"section_1287144569\">\n\t\t<div class=\"section-bg fill\" >\n\t\t\t\t\t\t\t\t\t\n\t\t\t\n\n\t\t<\/div>\n\n\t\t\n\n\t\t<div class=\"section-content relative\">\n\t\t\t\n\n<div class=\"row align-center\"  id=\"row-1037644271\">\n\n\n\t<div id=\"col-673373280\" class=\"col small-12 large-12\"  >\n\t\t\t\t<div class=\"col-inner dark\"  >\n\t\t\t\n\t\t\t\n\n\t<div id=\"gap-1574388146\" class=\"gap-element clearfix\" style=\"display:block; height:auto;\">\n\t\t\n<style>\n#gap-1574388146 {\n  padding-top: 30px;\n}\n<\/style>\n\t<\/div>\n\t\n\n<p>Nous proposons une large gamme de services de conseil strat\u00e9gique, couvrant les domaines suivants :<\/p>\n\n\t\t<\/div>\n\t\t\t\t\t<\/div>\n\n\t\n\n\t<div id=\"col-1663116611\" class=\"col small-12 large-12\"  >\n\t\t\t\t<div class=\"col-inner dark\"  >\n\t\t\t\n\t\t\t\n\n<div class=\"row\"  id=\"row-726812895\">\n\n\n\t<div id=\"col-316006286\" class=\"col medium-6 small-12 large-6\"  >\n\t\t\t\t<div class=\"col-inner\"  >\n\t\t\t\n\t\t\t\n\n\n  <div class=\"banner has-hover\" id=\"banner-1245472092\">\n          <div class=\"banner-inner fill\">\n        <div class=\"banner-bg fill\" >\n            <img loading=\"lazy\" decoding=\"async\" width=\"683\" height=\"1024\" src=\"https:\/\/fastratconsultancy.com\/wp-content\/uploads\/2024\/07\/real-estate-683x1024.jpeg\" class=\"bg attachment-large size-large\" alt=\"\" \/>                        <div class=\"overlay\"><\/div>            \n                    <\/div>\n\t\t\n        <div class=\"banner-layers container\">\n            <div class=\"fill banner-link\"><\/div>            \n\n   <div id=\"text-box-516844808\" class=\"text-box banner-layer x50 md-x50 lg-x50 y85 md-y85 lg-y85 res-text\">\n                                <div class=\"text-box-content text dark\">\n              \n              <div class=\"text-inner text-center\">\n                  \n\n<h3 class=\"uppercase\"><strong> Construction de prestige <\/strong><\/h3>\n\n              <\/div>\n           <\/div>\n                            \n<style>\n#text-box-516844808 {\n  width: 60%;\n}\n#text-box-516844808 .text-box-content {\n  font-size: 100%;\n}\n<\/style>\n    <\/div>\n \n\n        <\/div>\n      <\/div>\n\n            \n<style>\n#banner-1245472092 {\n  padding-top: 300px;\n  background-color: #b88d22;\n}\n#banner-1245472092 .overlay {\n  background-color: rgba(0,0,0,.5);\n}\n#banner-1245472092 .banner-bg img {\n  object-position: 51% 64%;\n}\n<\/style>\n  <\/div>\n\n\n\n\t\t<\/div>\n\t\t\t\t\t<\/div>\n\n\t\n\n\t<div id=\"col-862558539\" class=\"col medium-6 small-12 large-6\"  >\n\t\t\t\t<div class=\"col-inner\"  >\n\t\t\t\n\t\t\t\n\n<p>Nous collaborons avec vous pour concr\u00e9tiser votre vision en projets immobiliers prestigieux. Gr\u00e2ce \u00e0 une planification et une ex\u00e9cution rigoureuses, nous veillons \u00e0 ce que chaque d\u00e9tail refl\u00e8te votre identit\u00e9 unique\u00a0: \u00e9l\u00e9gance, prestige et innovation r\u00e9volutionnaire. Ces projets embl\u00e9matiques t\u00e9moignent de votre vision, mettent en valeur vos produits et garantissent un impact durable sur le march\u00e9.<\/p>\n\n\t\t<\/div>\n\t\t\t\t\t<\/div>\n\n\t\n\n<\/div>\n<div class=\"row\"  id=\"row-1635049716\">\n\n\n\t<div id=\"col-1416433778\" class=\"col small-12 large-12\"  >\n\t\t\t\t<div class=\"col-inner\"  >\n\t\t\t\n\t\t\t\n\n\n  <div class=\"banner has-hover\" id=\"banner-1461381155\">\n          <div class=\"banner-inner fill\">\n        <div class=\"banner-bg fill\" >\n            <img loading=\"lazy\" decoding=\"async\" width=\"1020\" height=\"680\" src=\"https:\/\/fastratconsultancy.com\/wp-content\/uploads\/2024\/08\/palace-1024x683.jpeg\" class=\"bg attachment-large size-large\" alt=\"\" \/>                        <div class=\"overlay\"><\/div>            \n                    <\/div>\n\t\t\n        <div class=\"banner-layers container\">\n            <div class=\"fill banner-link\"><\/div>            \n\n   <div id=\"text-box-135238923\" class=\"text-box banner-layer x10 md-x10 lg-x10 y85 md-y85 lg-y85 res-text\">\n                                <div class=\"text-box-content text dark\">\n              \n              <div class=\"text-inner text-center\">\n                  \n\n\t<div id=\"text-3003486491\" class=\"text\">\n\t\t\n\n<h3 class=\"uppercase\"><strong> H\u00f4tels haut de gamme  <\/strong><\/h3>\n\t\t\n<style>\n#text-3003486491 {\n  text-align: left;\n}\n<\/style>\n\t<\/div>\n\t\n\n              <\/div>\n           <\/div>\n                            \n<style>\n#text-box-135238923 {\n  width: 60%;\n}\n#text-box-135238923 .text-box-content {\n  font-size: 100%;\n}\n<\/style>\n    <\/div>\n \n\n        <\/div>\n      <\/div>\n\n            \n<style>\n#banner-1461381155 {\n  padding-top: 300px;\n  background-color: #b88d22;\n}\n#banner-1461381155 .overlay {\n  background-color: rgba(0,0,0,.5);\n}\n#banner-1461381155 .banner-bg img {\n  object-position: 48% 57%;\n}\n<\/style>\n  <\/div>\n\n\n\n\t\t<\/div>\n\t\t\t\t\t<\/div>\n\n\t\n\n\t<div id=\"col-2031006988\" class=\"col small-12 large-12\"  >\n\t\t\t\t<div class=\"col-inner\"  >\n\t\t\t\n\t\t\t\n\n<p>FA Strategy Consultancy est votre partenaire privil\u00e9gi\u00e9 pour atteindre une client\u00e8le exigeante\u00a0: les h\u00f4tels haut de gamme. Notre expertise et notre vaste r\u00e9seau dans le secteur de l&#039;h\u00f4tellerie de luxe vous offrent une opportunit\u00e9 unique.<\/p>\n<p><strong>Maximisez l\u2019impact de votre marque :<\/strong><br \/>Acc\u00e9dez directement \u00e0 des h\u00f4tels prestigieux \u00e0 la recherche de produits d&#039;exception.<br \/>Nous \u00e9laborons des strat\u00e9gies de p\u00e9n\u00e9tration du march\u00e9 sur mesure, mettant en valeur les atouts uniques de vos offres.<\/p>\n<p><strong>Am\u00e9liorez la pr\u00e9sence de votre marque :<\/strong><br \/>Associez-vous \u00e0 nous pour une visibilit\u00e9 accrue et une int\u00e9gration transparente dans les environnements h\u00f4teliers les plus exclusifs.<br \/>Capitalisez sur notre r\u00e9putation et notre r\u00e9seau de confiance pour forger des partenariats solides et \u00e0 long terme avec des h\u00f4tels de luxe.<\/p>\n\n\t\t<\/div>\n\t\t\t\t\t<\/div>\n\n\t\n\n<\/div>\n<div class=\"row\"  id=\"row-746850154\">\n\n\n\t<div id=\"col-1456875075\" class=\"col medium-6 small-12 large-6\"  >\n\t\t\t\t<div class=\"col-inner\"  >\n\t\t\t\n\t\t\t\n\n\n  <div class=\"banner has-hover\" id=\"banner-1471290618\">\n          <div class=\"banner-inner fill\">\n        <div class=\"banner-bg fill\" >\n            <img loading=\"lazy\" decoding=\"async\" width=\"1020\" height=\"704\" src=\"https:\/\/fastratconsultancy.com\/wp-content\/uploads\/2024\/08\/retail-1024x707.jpeg\" class=\"bg attachment-large size-large\" alt=\"\" \/>                        <div class=\"overlay\"><\/div>            \n                    <\/div>\n\t\t\n        <div class=\"banner-layers container\">\n            <div class=\"fill banner-link\"><\/div>            \n\n   <div id=\"text-box-233739385\" class=\"text-box banner-layer x50 md-x50 lg-x50 y85 md-y85 lg-y85 res-text\">\n                                <div class=\"text-box-content text dark\">\n              \n              <div class=\"text-inner text-center\">\n                  \n\n<h3 class=\"uppercase\"><strong>Votre partenaire de vente au d\u00e9tail de luxe<\/strong><\/h3>\n\n              <\/div>\n           <\/div>\n                            \n<style>\n#text-box-233739385 {\n  width: 60%;\n}\n#text-box-233739385 .text-box-content {\n  font-size: 100%;\n}\n<\/style>\n    <\/div>\n \n\n        <\/div>\n      <\/div>\n\n            \n<style>\n#banner-1471290618 {\n  padding-top: 300px;\n  background-color: #b88d22;\n}\n#banner-1471290618 .overlay {\n  background-color: rgba(0,0,0,.5);\n}\n<\/style>\n  <\/div>\n\n\n\n\t\t<\/div>\n\t\t\t\t\t<\/div>\n\n\t\n\n\t<div id=\"col-2088835713\" class=\"col medium-6 small-12 large-6\"  >\n\t\t\t\t<div class=\"col-inner\"  >\n\t\t\t\n\t\t\t\n\n<p>Chez FA Strategy Consultancy, nous ma\u00eetrisons les subtilit\u00e9s du secteur du luxe. Nous poss\u00e9dons une connaissance approfondie du consommateur exigeant et de ses attentes.<\/p>\n<p><strong>\u00c9lever chaque point de contact<\/strong><br \/>Nous mettons \u00e0 profit cette expertise pour cr\u00e9er des exp\u00e9riences d&#039;achat immersives qui captivent et fid\u00e9lisent votre client\u00e8le exigeante. Nos strat\u00e9gies sur mesure vont au-del\u00e0 des simples ventes\u00a0; elles cr\u00e9ent une fid\u00e9lit\u00e9 durable \u00e0 la marque.<\/p>\n<p><strong>Maximiser votre succ\u00e8s<\/strong><br \/>Marketing cibl\u00e9 : nous d\u00e9veloppons des strat\u00e9gies marketing cibl\u00e9es qui maximisent la visibilit\u00e9 et l&#039;attrait de vos offres de luxe.<\/p>\n\n\t\t<\/div>\n\t\t\t\t\t<\/div>\n\n\t\n\n\t<div id=\"col-1573339780\" class=\"col small-12 large-12\"  >\n\t\t\t\t<div class=\"col-inner\"  >\n\t\t\t\n\t\t\t\n\n<p><strong>Croissance strat\u00e9gique des ventes<\/strong> <br \/>Notre approche ax\u00e9e sur les donn\u00e9es garantit une augmentation significative des ventes, d\u00e9passant vos objectifs commerciaux.<\/p>\n<p><strong>Satisfaction client exceptionnelle :<\/strong> En d\u00e9passant les attentes \u00e0 chaque point de contact, nous garantissons non seulement des clients satisfaits mais \u00e9galement des d\u00e9fenseurs fid\u00e8les de la marque.<\/p>\n\n\t\t<\/div>\n\t\t\t\t\t<\/div>\n\n\t\n\n<\/div>\n<div class=\"row\"  id=\"row-603845835\">\n\n\n\t<div id=\"col-489366866\" class=\"col medium-6 small-12 large-6\"  >\n\t\t\t\t<div class=\"col-inner\"  >\n\t\t\t\n\t\t\t\n\n\n  <div class=\"banner has-hover\" id=\"banner-681412924\">\n          <div class=\"banner-inner fill\">\n        <div class=\"banner-bg fill\" >\n            <img loading=\"lazy\" decoding=\"async\" width=\"1020\" height=\"649\" src=\"https:\/\/fastratconsultancy.com\/wp-content\/uploads\/2024\/07\/investment-1024x652.jpeg\" class=\"bg attachment-large size-large\" alt=\"\" \/>                                    \n                    <\/div>\n\t\t\n        <div class=\"banner-layers container\">\n            <div class=\"fill banner-link\"><\/div>            \n\n   <div id=\"text-box-2037030726\" class=\"text-box banner-layer x50 md-x50 lg-x50 y85 md-y85 lg-y85 res-text\">\n                                <div class=\"text-box-content text dark\">\n              \n              <div class=\"text-inner text-center\">\n                  \n\n<h3 class=\"uppercase\"><strong> Fonds d&#039;investissement <\/strong><\/h3>\n\n              <\/div>\n           <\/div>\n                            \n<style>\n#text-box-2037030726 {\n  width: 60%;\n}\n#text-box-2037030726 .text-box-content {\n  font-size: 100%;\n}\n<\/style>\n    <\/div>\n \n\n        <\/div>\n      <\/div>\n\n            \n<style>\n#banner-681412924 {\n  padding-top: 300px;\n  background-color: #b88d22;\n}\n<\/style>\n  <\/div>\n\n\n\n\t\t<\/div>\n\t\t\t\t\t<\/div>\n\n\t\n\n\t<div id=\"col-638856719\" class=\"col medium-6 small-12 large-6\"  >\n\t\t\t\t<div class=\"col-inner\"  >\n\t\t\t\n\t\t\t\n\n<p>FA Strategy Consultancy vous permet de maximiser votre retour sur investissement (ROI) gr\u00e2ce \u00e0 une puissante combinaison de conseils d&#039;investissement d&#039;experts et d&#039;expertise en d\u00e9veloppement commercial.<\/p>\n<ul>\n<li class=\"bullet-arrow\"><strong>Strat\u00e9gies d&#039;investissement adapt\u00e9es \u00e0 vos besoins :<\/strong><br \/>D\u00e9cisions fond\u00e9es sur les donn\u00e9es\u00a0: Nous nous appuyons sur une connaissance approfondie des march\u00e9s financiers pour vous fournir des recommandations rigoureusement analys\u00e9es afin d&#039;optimiser vos r\u00e9sultats d&#039;investissement. Approche personnalis\u00e9e\u00a0: Nous pensons qu&#039;il n&#039;existe pas de solution universelle. Nous adaptons nos strat\u00e9gies d&#039;investissement \u00e0 vos objectifs sp\u00e9cifiques et \u00e0 votre tol\u00e9rance au risque.<\/li>\n<\/ul>\n\n\t\t<\/div>\n\t\t\t\t\t<\/div>\n\n\t\n\n\t<div id=\"col-860070461\" class=\"col small-12 large-12\"  >\n\t\t\t\t<div class=\"col-inner\"  >\n\t\t\t\n\t\t\t\n\n<ul>\n<li class=\"bullet-arrow\"><strong>Au-del\u00e0 de l&#039;investissement : d\u00e9velopper votre entreprise<\/strong><br \/>Conscients que l&#039;investissement n&#039;est qu&#039;une pi\u00e8ce du puzzle, nous faisons un effort suppl\u00e9mentaire pour agir en tant que partenaire d\u00e9di\u00e9 au d\u00e9veloppement commercial. Attirer les bons investisseurs : nous vous aidons \u00e0 identifier et \u00e0 vous connecter avec des Business Angels et des investisseurs potentiels qui correspondent parfaitement \u00e0 votre vision. Alimenter l&#039;innovation et la croissance : notre expertise facilite la collecte de fonds et les partenariats strat\u00e9giques pour propulser vos projets innovants.<\/li>\n<li class=\"bullet-arrow\"><strong>Votre r\u00e9ussite est notre priorit\u00e9 :<\/strong><br \/>Acc\u00e9dez au financement et \u00e9tablissez des relations : acc\u00e9dez au capital dont vous avez besoin tout en favorisant des relations pr\u00e9cieuses avec des investisseurs influents.<br \/>De l\u2019id\u00e9e \u00e0 la r\u00e9alit\u00e9 : nous offrons un soutien complet, allant des strat\u00e9gies d\u2019investissement efficaces aux conseils personnalis\u00e9s, pour vous aider \u00e0 transformer vos id\u00e9es en entreprises florissantes.<\/li>\n<\/ul>\n\n\t\t<\/div>\n\t\t\t\t\t<\/div>\n\n\t\n\n<\/div>\n<div class=\"row\"  id=\"row-1833326075\">\n\n\n\t<div id=\"col-1235511303\" class=\"col medium-6 small-12 large-6\"  >\n\t\t\t\t<div class=\"col-inner\"  >\n\t\t\t\n\t\t\t\n\n\n  <div class=\"banner has-hover\" id=\"banner-1972722137\">\n          <div class=\"banner-inner fill\">\n        <div class=\"banner-bg fill\" >\n            <img loading=\"lazy\" decoding=\"async\" width=\"1020\" height=\"1020\" src=\"https:\/\/fastratconsultancy.com\/wp-content\/uploads\/2024\/08\/startup-1024x1024.jpeg\" class=\"bg attachment-large size-large\" alt=\"\" \/>                                    \n                    <\/div>\n\t\t\n        <div class=\"banner-layers container\">\n            <div class=\"fill banner-link\"><\/div>            \n\n   <div id=\"text-box-1522147422\" class=\"text-box banner-layer x50 md-x50 lg-x50 y85 md-y85 lg-y85 res-text\">\n                                <div class=\"text-box-content text dark\">\n              \n              <div class=\"text-inner text-center\">\n                  \n\n<h3 class=\"uppercase\"><strong> Startups et entreprises en phase de d\u00e9marrage<br \/>\n<\/strong><\/h3>\n\n              <\/div>\n           <\/div>\n                            \n<style>\n#text-box-1522147422 {\n  width: 60%;\n}\n#text-box-1522147422 .text-box-content {\n  font-size: 100%;\n}\n<\/style>\n    <\/div>\n \n\n        <\/div>\n      <\/div>\n\n            \n<style>\n#banner-1972722137 {\n  padding-top: 300px;\n  background-color: #b88d22;\n}\n<\/style>\n  <\/div>\n\n\n\n\t\t<\/div>\n\t\t\t\t\t<\/div>\n\n\t\n\n\t<div id=\"col-2101348126\" class=\"col medium-6 small-12 large-6\"  >\n\t\t\t\t<div class=\"col-inner\"  >\n\t\t\t\n\t\t\t\n\n<p>FA Strategy Consultancy n&#039;est pas un simple cabinet de conseil. Nous sommes les champions de votre croissance et nous nous engageons \u00e0 comprendre les d\u00e9fis sp\u00e9cifiques auxquels sont confront\u00e9es les startups et les entreprises en phase de d\u00e9marrage.<\/p>\n<p>Notre \u00e9quipe d&#039;experts vous propose un accompagnement strat\u00e9gique personnalis\u00e9 tout au long de votre parcours de croissance initial :<\/p>\n<ul>\n<li class=\"bullet-arrow\">Strat\u00e9gie de lancement : \u00c9laborez une feuille de route gagnante pour pr\u00e9parer le terrain pour le succ\u00e8s d\u00e8s le premier jour.<\/li>\n<li class=\"bullet-arrow\">D\u00e9veloppement de produits : optimisez votre offre en fonction de l\u2019ad\u00e9quation au march\u00e9 et de l\u2019adoption par les utilisateurs.<\/li>\n<\/ul>\n\n\t\t<\/div>\n\t\t\t\t\t<\/div>\n\n\t\n\n\t<div id=\"col-486802172\" class=\"col small-12 large-12\"  >\n\t\t\t\t<div class=\"col-inner\"  >\n\t\t\t\n\t\t\t\n\n<ul>\n<li class=\"bullet-arrow\">Acquisition de financement : S\u00e9curisez le capital n\u00e9cessaire pour alimenter vos id\u00e9es innovantes.<\/li>\n<li class=\"bullet-arrow\">Ma\u00eetrise du marketing num\u00e9rique : d\u00e9velopper une strat\u00e9gie bas\u00e9e sur les donn\u00e9es pour une p\u00e9n\u00e9tration efficace du march\u00e9.<\/li>\n<li class=\"bullet-arrow\">Au-del\u00e0 de la strat\u00e9gie : votre avantage concurrentiel :<br \/>R\u00e9seau puissant : tirez parti de notre vaste r\u00e9seau de partenaires et d\u2019investisseurs pour d\u00e9bloquer de nouvelles opportunit\u00e9s et ressources.<\/li>\n<li class=\"bullet-arrow\">Avantage Agile : nous adoptons une adaptation rapide, garantissant que vos strat\u00e9gies restent en avance sur la courbe.<\/li>\n<li class=\"bullet-arrow\">Ensemble, nous construisons des fondations solides :<br \/>Nous croyons au pouvoir transformateur des id\u00e9es innovantes. En collaborant avec FA Strategy Consultancy, vous b\u00e9n\u00e9ficiez de l&#039;expertise et du soutien n\u00e9cessaires pour transformer vos ambitions en r\u00e9ussite commerciale concr\u00e8te. Nous posons les fondations solides qui propulseront votre entreprise vers de nouveaux sommets.<\/li>\n<\/ul>\n\n\t\t<\/div>\n\t\t\t\t\n<style>\n#col-486802172 > .col-inner {\n  margin: -45px 0px 0px 0px;\n}\n<\/style>\n\t<\/div>\n\n\t\n\n<\/div>\n\n\t\t<\/div>\n\t\t\t\t\t<\/div>\n\n\t\n\n<\/div>\n\n\t\t<\/div>\n\n\t\t\n<style>\n#section_1287144569 {\n  padding-top: 30px;\n  padding-bottom: 30px;\n  background-color: rgb(0,0,0);\n}\n<\/style>\n\t<\/section>","protected":false},"excerpt":{"rendered":"","protected":false},"author":2,"featured_media":0,"parent":0,"menu_order":0,"comment_status":"closed","ping_status":"closed","template":"page-transparent-header-light.php","meta":{"footnotes":""},"class_list":["post-110","page","type-page","status-publish","hentry"],"_links":{"self":[{"href":"https:\/\/fastratconsultancy.com\/fr\/wp-json\/wp\/v2\/pages\/110","targetHints":{"allow":["GET"]}}],"collection":[{"href":"https:\/\/fastratconsultancy.com\/fr\/wp-json\/wp\/v2\/pages"}],"about":[{"href":"https:\/\/fastratconsultancy.com\/fr\/wp-json\/wp\/v2\/types\/page"}],"author":[{"embeddable":true,"href":"https:\/\/fastratconsultancy.com\/fr\/wp-json\/wp\/v2\/users\/2"}],"replies":[{"embeddable":true,"href":"https:\/\/fastratconsultancy.com\/fr\/wp-json\/wp\/v2\/comments?post=110"}],"version-history":[{"count":0,"href":"https:\/\/fastratconsultancy.com\/fr\/wp-json\/wp\/v2\/pages\/110\/revisions"}],"wp:attachment":[{"href":"https:\/\/fastratconsultancy.com\/fr\/wp-json\/wp\/v2\/media?parent=110"}],"curies":[{"name":"wp","href":"https:\/\/api.w.org\/{rel}","templated":true}]}}